{"id":119316,"date":"2024-05-07T10:03:41","date_gmt":"2024-05-07T03:03:41","guid":{"rendered":"https:\/\/www.horizonhomes-samui.com\/investissement-immobilier-a-koh-samui\/"},"modified":"2024-08-21T14:43:11","modified_gmt":"2024-08-21T07:43:11","slug":"investissement-immobilier-a-koh-samui","status":"publish","type":"page","link":"https:\/\/www.horizonhomes-samui.com\/fr\/investissement-immobilier-a-koh-samui\/","title":{"rendered":"Investissement immobilier \u00e0 Koh Samui"},"content":{"rendered":"\t\t<div data-elementor-type=\"wp-page\" data-elementor-id=\"119316\" class=\"elementor elementor-119316 elementor-114128\" data-elementor-post-type=\"page\">\n\t\t\t\t\t\t<section class=\"elementor-section elementor-top-section elementor-element elementor-element-55c5307c elementor-section-stretched elementor-section-height-min-height elementor-section-boxed elementor-section-height-default elementor-section-items-middle\" data-id=\"55c5307c\" data-element_type=\"section\" data-settings=\"{&quot;stretch_section&quot;:&quot;section-stretched&quot;,&quot;background_background&quot;:&quot;slideshow&quot;,&quot;background_slideshow_gallery&quot;:[{&quot;id&quot;:8590,&quot;url&quot;:&quot;https:\\\/\\\/www.horizonhomes-samui.com\\\/wp-content\\\/uploads\\\/2023\\\/07\\\/New-design-for-Horizon-Villas-Slider211.jpg&quot;},{&quot;id&quot;:8584,&quot;url&quot;:&quot;https:\\\/\\\/www.horizonhomes-samui.com\\\/wp-content\\\/uploads\\\/2023\\\/07\\\/4411.jpg&quot;}],&quot;background_slideshow_ken_burns&quot;:&quot;yes&quot;,&quot;background_slideshow_loop&quot;:&quot;yes&quot;,&quot;background_slideshow_slide_duration&quot;:5000,&quot;background_slideshow_slide_transition&quot;:&quot;fade&quot;,&quot;background_slideshow_transition_duration&quot;:500,&quot;background_slideshow_ken_burns_zoom_direction&quot;:&quot;in&quot;}\">\n\t\t\t\t\t\t\t<div class=\"elementor-background-overlay\"><\/div>\n\t\t\t\t\t\t\t<div class=\"elementor-container elementor-column-gap-default\">\n\t\t\t\t\t<div class=\"elementor-column elementor-col-100 elementor-top-column elementor-element elementor-element-734b8cd4\" data-id=\"734b8cd4\" data-element_type=\"column\">\n\t\t\t<div class=\"elementor-widget-wrap elementor-element-populated\">\n\t\t\t\t\t\t<div class=\"elementor-element elementor-element-5ca81cef animated-slow elementor-invisible elementor-widget elementor-widget-houzez_elementor_section_title\" data-id=\"5ca81cef\" data-element_type=\"widget\" data-settings=\"{&quot;_animation&quot;:&quot;fadeIn&quot;}\" data-widget_type=\"houzez_elementor_section_title.default\">\n\t\t\t\t<div class=\"elementor-widget-container\">\n\t\t\t            <div class=\"houzez_section_title_wrap section-title-module\">\n                                    <h2 class=\"houzez_section_title\">Investissement immobilier \u00e0 Koh Samui<\/h2>\n                \n                            <\/div>\n            \t\t<\/div>\n\t\t\t\t<\/div>\n\t\t\t\t\t<\/div>\n\t\t<\/div>\n\t\t\t\t\t<\/div>\n\t\t<\/section>\n\t\t\t\t<section class=\"elementor-section elementor-top-section elementor-element elementor-element-ec7794d elementor-section-boxed elementor-section-height-default elementor-section-height-default\" data-id=\"ec7794d\" data-element_type=\"section\" data-settings=\"{&quot;background_background&quot;:&quot;classic&quot;}\">\n\t\t\t\t\t\t<div class=\"elementor-container elementor-column-gap-default\">\n\t\t\t\t\t<div class=\"elementor-column elementor-col-100 elementor-top-column elementor-element elementor-element-d58468f\" data-id=\"d58468f\" data-element_type=\"column\">\n\t\t\t<div class=\"elementor-widget-wrap elementor-element-populated\">\n\t\t\t\t\t\t<div class=\"elementor-element elementor-element-337f6aa0 elementor-widget elementor-widget-text-editor\" data-id=\"337f6aa0\" data-element_type=\"widget\" data-widget_type=\"text-editor.default\">\n\t\t\t\t<div class=\"elementor-widget-container\">\n\t\t\t<style>\/*! elementor - v3.19.0 - 29-01-2024 *\/\n.elementor-widget-text-editor.elementor-drop-cap-view-stacked .elementor-drop-cap{background-color:#69727d;color:#fff}.elementor-widget-text-editor.elementor-drop-cap-view-framed .elementor-drop-cap{color:#69727d;border:3px solid;background-color:transparent}.elementor-widget-text-editor:not(.elementor-drop-cap-view-default) .elementor-drop-cap{margin-top:8px}.elementor-widget-text-editor:not(.elementor-drop-cap-view-default) .elementor-drop-cap-letter{width:1em;height:1em}.elementor-widget-text-editor .elementor-drop-cap{float:left;text-align:center;line-height:1;font-size:50px}.elementor-widget-text-editor .elementor-drop-cap-letter{display:inline-block}<\/style>\t\t\t\t<p>Situ\u00e9e entre les puissances financi\u00e8res de Singapour et de Hong Kong et \u00e0 une distance raisonnable du Moyen-Orient, Koh Samui attire un grand nombre de cadres d&#8217;entreprises de haut niveau et de travailleurs expatri\u00e9s qui cherchent tous un endroit s\u00fbr pour investir. Koh Samui leur apporte non seulement une qualit\u00e9 de vie qui ne serait pas possible dans leur pays de r\u00e9sidence, mais aussi un environnement o\u00f9 ils peuvent vraiment se d\u00e9tendre en famille et \u00e9chapper au stress de la &#8220;Rat Race&#8221;.<\/p>\n<p>La plupart des gens savent aujourd&#8217;hui que l&#8217;acquisition d&#8217;une propri\u00e9t\u00e9 est l&#8217;un des investissements les plus s\u00fbrs qui soient. C&#8217;est pourquoi les investisseurs affluent pour profiter de l&#8217;essor du march\u00e9 <a title=\"Propri\u00e9t\u00e9 de Koh Samui\" href=\"https:\/\/www.horizonhomes-samui.com\/property-for-sale\/?orderby=price-desc\">immobilier<\/a> de <a title=\"Propri\u00e9t\u00e9 de Koh Samui\" href=\"https:\/\/www.horizonhomes-samui.com\/property-for-sale\/?orderby=price-desc\">Koh Samui<\/a> et y d\u00e9penser leurs primes durement gagn\u00e9es et leurs revenus exon\u00e9r\u00e9s d&#8217;imp\u00f4ts.<\/p>\n\t\t\t\t\t\t<\/div>\n\t\t\t\t<\/div>\n\t\t\t\t\t<\/div>\n\t\t<\/div>\n\t\t\t\t\t<\/div>\n\t\t<\/section>\n\t\t\t\t<section class=\"elementor-section elementor-top-section elementor-element elementor-element-7fd5f71 elementor-section-boxed elementor-section-height-default elementor-section-height-default\" data-id=\"7fd5f71\" data-element_type=\"section\" data-settings=\"{&quot;background_background&quot;:&quot;classic&quot;}\">\n\t\t\t\t\t\t<div class=\"elementor-container elementor-column-gap-default\">\n\t\t\t\t\t<div class=\"elementor-column elementor-col-50 elementor-top-column elementor-element elementor-element-71ebe63e\" data-id=\"71ebe63e\" data-element_type=\"column\">\n\t\t\t<div class=\"elementor-widget-wrap elementor-element-populated\">\n\t\t\t\t\t\t<div class=\"elementor-element elementor-element-2bb04b68 elementor-widget elementor-widget-image\" data-id=\"2bb04b68\" data-element_type=\"widget\" data-widget_type=\"image.default\">\n\t\t\t\t<div class=\"elementor-widget-container\">\n\t\t\t<style>\/*! elementor - v3.19.0 - 29-01-2024 *\/\n.elementor-widget-image{text-align:center}.elementor-widget-image a{display:inline-block}.elementor-widget-image a img[src$=\".svg\"]{width:48px}.elementor-widget-image img{vertical-align:middle;display:inline-block}<\/style>\t\t\t\t\t\t\t\t\t\t<img fetchpriority=\"high\" decoding=\"async\" width=\"1024\" height=\"769\" src=\"https:\/\/www.horizonhomes-samui.com\/wp-content\/uploads\/2023\/07\/051.jpg\" class=\"elementor-animation-float attachment-full size-full wp-image-7505\" alt=\"\" srcset=\"https:\/\/www.horizonhomes-samui.com\/wp-content\/uploads\/2023\/07\/051.jpg 1024w, https:\/\/www.horizonhomes-samui.com\/wp-content\/uploads\/2023\/07\/051-300x225.jpg 300w, https:\/\/www.horizonhomes-samui.com\/wp-content\/uploads\/2023\/07\/051-768x577.jpg 768w, https:\/\/www.horizonhomes-samui.com\/wp-content\/uploads\/2023\/07\/051-592x444.jpg 592w, https:\/\/www.horizonhomes-samui.com\/wp-content\/uploads\/2023\/07\/051-584x438.jpg 584w, https:\/\/www.horizonhomes-samui.com\/wp-content\/uploads\/2023\/07\/051-799x600.jpg 799w, https:\/\/www.horizonhomes-samui.com\/wp-content\/uploads\/2023\/07\/051-120x90.jpg 120w, https:\/\/www.horizonhomes-samui.com\/wp-content\/uploads\/2023\/07\/051-496x372.jpg 496w\" sizes=\"(max-width: 1024px) 100vw, 1024px\" \/>\t\t\t\t\t\t\t\t\t\t\t\t\t<\/div>\n\t\t\t\t<\/div>\n\t\t\t\t\t<\/div>\n\t\t<\/div>\n\t\t\t\t<div class=\"elementor-column elementor-col-50 elementor-top-column elementor-element elementor-element-7291e716\" data-id=\"7291e716\" data-element_type=\"column\">\n\t\t\t<div class=\"elementor-widget-wrap elementor-element-populated\">\n\t\t\t\t\t\t<div class=\"elementor-element elementor-element-7d183972 elementor-widget__width-initial elementor-widget elementor-widget-heading\" data-id=\"7d183972\" data-element_type=\"widget\" data-widget_type=\"heading.default\">\n\t\t\t\t<div class=\"elementor-widget-container\">\n\t\t\t<style>\/*! elementor - v3.19.0 - 29-01-2024 *\/\n.elementor-heading-title{padding:0;margin:0;line-height:1}.elementor-widget-heading .elementor-heading-title[class*=elementor-size-]>a{color:inherit;font-size:inherit;line-height:inherit}.elementor-widget-heading .elementor-heading-title.elementor-size-small{font-size:15px}.elementor-widget-heading .elementor-heading-title.elementor-size-medium{font-size:19px}.elementor-widget-heading .elementor-heading-title.elementor-size-large{font-size:29px}.elementor-widget-heading .elementor-heading-title.elementor-size-xl{font-size:39px}.elementor-widget-heading .elementor-heading-title.elementor-size-xxl{font-size:59px}<\/style><h2 class=\"elementor-heading-title elementor-size-default\">Points forts de l'immobilier Koh Samui<\/h2>\t\t<\/div>\n\t\t\t\t<\/div>\n\t\t\t\t<div class=\"elementor-element elementor-element-71bd40eb elementor-widget elementor-widget-text-editor\" data-id=\"71bd40eb\" data-element_type=\"widget\" data-widget_type=\"text-editor.default\">\n\t\t\t\t<div class=\"elementor-widget-container\">\n\t\t\t\t\t\t\t<p>Les investissements sur le march\u00e9 immobilier de Samui augmenteraient d&#8217;environ 20 % par an. Les prochaines ann\u00e9es devraient voir le march\u00e9 insulaire s&#8217;\u00e9panouir car Samui est encore relativement peu d\u00e9velopp\u00e9e par rapport \u00e0 d&#8217;autres stations baln\u00e9aires comme Pattaya et Phuket, qui connaissent un d\u00e9veloppement important depuis de nombreuses ann\u00e9es et qui, par cons\u00e9quent, se rapprochent du sommet des prix de l&#8217;immobilier.<\/p>\n<p>Cela conf\u00e8re une qualit\u00e9 unique aux investissements immobiliers \u00e0 Koh Samui, car l&#8217;\u00eele a jusqu&#8217;\u00e0 pr\u00e9sent conserv\u00e9 son atmosph\u00e8re d&#8217;\u00eele tropicale, ce qui, \u00e0 son tour, attirera davantage d&#8217;investissements \u00e0 l&#8217;avenir.<\/p>\n\t\t\t\t\t\t<\/div>\n\t\t\t\t<\/div>\n\t\t\t\t\t<\/div>\n\t\t<\/div>\n\t\t\t\t\t<\/div>\n\t\t<\/section>\n\t\t<div class=\"elementor-element elementor-element-ef4aca3 e-flex e-con-boxed e-con e-parent\" data-id=\"ef4aca3\" data-element_type=\"container\" data-settings=\"{&quot;background_background&quot;:&quot;classic&quot;,&quot;container_type&quot;:&quot;flex&quot;,&quot;content_width&quot;:&quot;boxed&quot;}\" data-core-v316-plus=\"true\">\n\t\t\t\t\t<div class=\"e-con-inner\">\n\t\t\t\t<div class=\"elementor-element elementor-element-822b268 elementor-widget elementor-widget-text-editor\" data-id=\"822b268\" data-element_type=\"widget\" data-widget_type=\"text-editor.default\">\n\t\t\t\t<div class=\"elementor-widget-container\">\n\t\t\t\t\t\t\t<p>Pour obtenir des conseils sur l&#8217;investissement immobilier \u00e0 Koh Samui, <a href=\"\/?page_id=1091\">contactez Horizon Homes<\/a> d\u00e8s aujourd&#8217;hui pour vous assurer une place sur cette \u00eele paradisiaque.<\/p>\n<p><strong><span style=\"color: #8a2c44;\">Appelez-nous d\u00e8s maintenant au +66 (0) 77 417 005<\/span><\/strong><\/p>\n\t\t\t\t\t\t<\/div>\n\t\t\t\t<\/div>\n\t\t\t\t\t<\/div>\n\t\t\t\t<\/div>\n\t\t\t\t<section class=\"elementor-section elementor-top-section elementor-element elementor-element-61aa2699 elementor-section-boxed elementor-section-height-default elementor-section-height-default\" data-id=\"61aa2699\" data-element_type=\"section\">\n\t\t\t\t\t\t<div class=\"elementor-container elementor-column-gap-default\">\n\t\t\t\t\t<div class=\"elementor-column elementor-col-50 elementor-top-column elementor-element elementor-element-65375655\" data-id=\"65375655\" data-element_type=\"column\">\n\t\t\t<div class=\"elementor-widget-wrap elementor-element-populated\">\n\t\t\t\t\t\t<div class=\"elementor-element elementor-element-16ea81aa elementor-widget__width-initial elementor-widget elementor-widget-heading\" data-id=\"16ea81aa\" data-element_type=\"widget\" data-widget_type=\"heading.default\">\n\t\t\t\t<div class=\"elementor-widget-container\">\n\t\t\t<h2 class=\"elementor-heading-title elementor-size-default\"> <span style=\"color:#8B2B44;\">SUIVEZ-NOUS<\/span><\/h2>\t\t<\/div>\n\t\t\t\t<\/div>\n\t\t\t\t<div class=\"elementor-element elementor-element-14a573b5 elementor-shape-circle elementor-grid-3 elementor-widget__width-inherit e-grid-align-center elementor-widget elementor-widget-social-icons\" data-id=\"14a573b5\" data-element_type=\"widget\" data-settings=\"{&quot;_animation&quot;:&quot;none&quot;}\" data-widget_type=\"social-icons.default\">\n\t\t\t\t<div class=\"elementor-widget-container\">\n\t\t\t<style>\/*! elementor - v3.19.0 - 29-01-2024 *\/\n.elementor-widget-social-icons.elementor-grid-0 .elementor-widget-container,.elementor-widget-social-icons.elementor-grid-mobile-0 .elementor-widget-container,.elementor-widget-social-icons.elementor-grid-tablet-0 .elementor-widget-container{line-height:1;font-size:0}.elementor-widget-social-icons:not(.elementor-grid-0):not(.elementor-grid-tablet-0):not(.elementor-grid-mobile-0) .elementor-grid{display:inline-grid}.elementor-widget-social-icons .elementor-grid{grid-column-gap:var(--grid-column-gap,5px);grid-row-gap:var(--grid-row-gap,5px);grid-template-columns:var(--grid-template-columns);justify-content:var(--justify-content,center);justify-items:var(--justify-content,center)}.elementor-icon.elementor-social-icon{font-size:var(--icon-size,25px);line-height:var(--icon-size,25px);width:calc(var(--icon-size, 25px) + 2 * var(--icon-padding, .5em));height:calc(var(--icon-size, 25px) + 2 * var(--icon-padding, .5em))}.elementor-social-icon{--e-social-icon-icon-color:#fff;display:inline-flex;background-color:#69727d;align-items:center;justify-content:center;text-align:center;cursor:pointer}.elementor-social-icon i{color:var(--e-social-icon-icon-color)}.elementor-social-icon svg{fill:var(--e-social-icon-icon-color)}.elementor-social-icon:last-child{margin:0}.elementor-social-icon:hover{opacity:.9;color:#fff}.elementor-social-icon-android{background-color:#a4c639}.elementor-social-icon-apple{background-color:#999}.elementor-social-icon-behance{background-color:#1769ff}.elementor-social-icon-bitbucket{background-color:#205081}.elementor-social-icon-codepen{background-color:#000}.elementor-social-icon-delicious{background-color:#39f}.elementor-social-icon-deviantart{background-color:#05cc47}.elementor-social-icon-digg{background-color:#005be2}.elementor-social-icon-dribbble{background-color:#ea4c89}.elementor-social-icon-elementor{background-color:#d30c5c}.elementor-social-icon-envelope{background-color:#ea4335}.elementor-social-icon-facebook,.elementor-social-icon-facebook-f{background-color:#3b5998}.elementor-social-icon-flickr{background-color:#0063dc}.elementor-social-icon-foursquare{background-color:#2d5be3}.elementor-social-icon-free-code-camp,.elementor-social-icon-freecodecamp{background-color:#006400}.elementor-social-icon-github{background-color:#333}.elementor-social-icon-gitlab{background-color:#e24329}.elementor-social-icon-globe{background-color:#69727d}.elementor-social-icon-google-plus,.elementor-social-icon-google-plus-g{background-color:#dd4b39}.elementor-social-icon-houzz{background-color:#7ac142}.elementor-social-icon-instagram{background-color:#262626}.elementor-social-icon-jsfiddle{background-color:#487aa2}.elementor-social-icon-link{background-color:#818a91}.elementor-social-icon-linkedin,.elementor-social-icon-linkedin-in{background-color:#0077b5}.elementor-social-icon-medium{background-color:#00ab6b}.elementor-social-icon-meetup{background-color:#ec1c40}.elementor-social-icon-mixcloud{background-color:#273a4b}.elementor-social-icon-odnoklassniki{background-color:#f4731c}.elementor-social-icon-pinterest{background-color:#bd081c}.elementor-social-icon-product-hunt{background-color:#da552f}.elementor-social-icon-reddit{background-color:#ff4500}.elementor-social-icon-rss{background-color:#f26522}.elementor-social-icon-shopping-cart{background-color:#4caf50}.elementor-social-icon-skype{background-color:#00aff0}.elementor-social-icon-slideshare{background-color:#0077b5}.elementor-social-icon-snapchat{background-color:#fffc00}.elementor-social-icon-soundcloud{background-color:#f80}.elementor-social-icon-spotify{background-color:#2ebd59}.elementor-social-icon-stack-overflow{background-color:#fe7a15}.elementor-social-icon-steam{background-color:#00adee}.elementor-social-icon-stumbleupon{background-color:#eb4924}.elementor-social-icon-telegram{background-color:#2ca5e0}.elementor-social-icon-thumb-tack{background-color:#1aa1d8}.elementor-social-icon-tripadvisor{background-color:#589442}.elementor-social-icon-tumblr{background-color:#35465c}.elementor-social-icon-twitch{background-color:#6441a5}.elementor-social-icon-twitter{background-color:#1da1f2}.elementor-social-icon-viber{background-color:#665cac}.elementor-social-icon-vimeo{background-color:#1ab7ea}.elementor-social-icon-vk{background-color:#45668e}.elementor-social-icon-weibo{background-color:#dd2430}.elementor-social-icon-weixin{background-color:#31a918}.elementor-social-icon-whatsapp{background-color:#25d366}.elementor-social-icon-wordpress{background-color:#21759b}.elementor-social-icon-xing{background-color:#026466}.elementor-social-icon-yelp{background-color:#af0606}.elementor-social-icon-youtube{background-color:#cd201f}.elementor-social-icon-500px{background-color:#0099e5}.elementor-shape-rounded .elementor-icon.elementor-social-icon{border-radius:10%}.elementor-shape-circle .elementor-icon.elementor-social-icon{border-radius:50%}<\/style>\t\t<div class=\"elementor-social-icons-wrapper elementor-grid\">\n\t\t\t\t\t\t\t<span class=\"elementor-grid-item\">\n\t\t\t\t\t<a class=\"elementor-icon elementor-social-icon elementor-social-icon-facebook elementor-animation-shrink elementor-repeater-item-965c5cb\" href=\"https:\/\/www.facebook.com\/horizonhomeskohsamui\" target=\"_blank\">\n\t\t\t\t\t\t<span class=\"elementor-screen-only\">Facebook<\/span>\n\t\t\t\t\t\t<i class=\"fab fa-facebook\"><\/i>\t\t\t\t\t<\/a>\n\t\t\t\t<\/span>\n\t\t\t\t\t\t\t<span class=\"elementor-grid-item\">\n\t\t\t\t\t<a class=\"elementor-icon elementor-social-icon elementor-social-icon-twitter elementor-animation-shrink elementor-repeater-item-8a3badb\" href=\"https:\/\/twitter.com\/hhsamui\" target=\"_blank\">\n\t\t\t\t\t\t<span class=\"elementor-screen-only\">Twitter<\/span>\n\t\t\t\t\t\t<i class=\"fab fa-twitter\"><\/i>\t\t\t\t\t<\/a>\n\t\t\t\t<\/span>\n\t\t\t\t\t\t\t<span class=\"elementor-grid-item\">\n\t\t\t\t\t<a class=\"elementor-icon elementor-social-icon elementor-social-icon-weixin elementor-animation-shrink elementor-repeater-item-a639bf5\" href=\"https:\/\/www.horizonhomes-samui.com\/wp-content\/uploads\/2015\/04\/hh-qrcode-wechat-100.png\" target=\"_blank\">\n\t\t\t\t\t\t<span class=\"elementor-screen-only\">Weixin<\/span>\n\t\t\t\t\t\t<i class=\"fab fa-weixin\"><\/i>\t\t\t\t\t<\/a>\n\t\t\t\t<\/span>\n\t\t\t\t\t<\/div>\n\t\t\t\t<\/div>\n\t\t\t\t<\/div>\n\t\t\t\t\t<\/div>\n\t\t<\/div>\n\t\t\t\t<div class=\"elementor-column elementor-col-50 elementor-top-column elementor-element elementor-element-2f9f3f91\" data-id=\"2f9f3f91\" data-element_type=\"column\">\n\t\t\t<div class=\"elementor-widget-wrap elementor-element-populated\">\n\t\t\t\t\t\t<div class=\"elementor-element elementor-element-2a9a9e9b elementor-widget elementor-widget-image\" data-id=\"2a9a9e9b\" data-element_type=\"widget\" data-widget_type=\"image.default\">\n\t\t\t\t<div class=\"elementor-widget-container\">\n\t\t\t\t\t\t\t\t\t\t\t\t\t<img decoding=\"async\" width=\"180\" height=\"222\" src=\"https:\/\/www.horizonhomes-samui.com\/wp-content\/uploads\/2023\/07\/banner-horizon-residence-sidebar-180.jpg\" class=\"attachment-large size-large wp-image-7417\" alt=\"\" loading=\"lazy\" \/>\t\t\t\t\t\t\t\t\t\t\t\t\t<\/div>\n\t\t\t\t<\/div>\n\t\t\t\t\t<\/div>\n\t\t<\/div>\n\t\t\t\t\t<\/div>\n\t\t<\/section>\n\t\t\t\t<\/div>\n\t\t","protected":false},"excerpt":{"rendered":"<p>Investissement immobilier \u00e0 Koh Samui Situ\u00e9e entre les puissances financi\u00e8res de Singapour et de Hong Kong et \u00e0 une distance raisonnable du Moyen-Orient, Koh Samui attire un grand nombre de cadres d&#8217;entreprises de haut niveau et de travailleurs expatri\u00e9s qui cherchent tous un endroit s\u00fbr pour investir. Koh Samui leur apporte non seulement une qualit\u00e9 [&hellip;]<\/p>\n","protected":false},"author":4,"featured_media":0,"parent":0,"menu_order":0,"comment_status":"closed","ping_status":"closed","template":"elementor_header_footer","meta":{"footnotes":""},"class_list":["post-119316","page","type-page","status-publish","hentry"],"_links":{"self":[{"href":"https:\/\/www.horizonhomes-samui.com\/fr\/wp-json\/wp\/v2\/pages\/119316","targetHints":{"allow":["GET"]}}],"collection":[{"href":"https:\/\/www.horizonhomes-samui.com\/fr\/wp-json\/wp\/v2\/pages"}],"about":[{"href":"https:\/\/www.horizonhomes-samui.com\/fr\/wp-json\/wp\/v2\/types\/page"}],"author":[{"embeddable":true,"href":"https:\/\/www.horizonhomes-samui.com\/fr\/wp-json\/wp\/v2\/users\/4"}],"replies":[{"embeddable":true,"href":"https:\/\/www.horizonhomes-samui.com\/fr\/wp-json\/wp\/v2\/comments?post=119316"}],"version-history":[{"count":0,"href":"https:\/\/www.horizonhomes-samui.com\/fr\/wp-json\/wp\/v2\/pages\/119316\/revisions"}],"wp:attachment":[{"href":"https:\/\/www.horizonhomes-samui.com\/fr\/wp-json\/wp\/v2\/media?parent=119316"}],"curies":[{"name":"wp","href":"https:\/\/api.w.org\/{rel}","templated":true}]}}