{"id":119319,"date":"2024-05-07T10:01:40","date_gmt":"2024-05-07T03:01:40","guid":{"rendered":"https:\/\/www.horizonhomes-samui.com\/banque-fonciere-en-thailande\/"},"modified":"2024-08-21T14:43:11","modified_gmt":"2024-08-21T07:43:11","slug":"banque-fonciere-en-thailande","status":"publish","type":"page","link":"https:\/\/www.horizonhomes-samui.com\/fr\/banque-fonciere-en-thailande\/","title":{"rendered":"Banque fonci\u00e8re en Tha\u00eflande"},"content":{"rendered":"\t\t<div data-elementor-type=\"wp-page\" data-elementor-id=\"119319\" class=\"elementor elementor-119319 elementor-114092\" data-elementor-post-type=\"page\">\n\t\t\t\t\t\t<section class=\"elementor-section elementor-top-section elementor-element elementor-element-3271d01e elementor-section-stretched elementor-section-height-min-height elementor-section-boxed elementor-section-height-default elementor-section-items-middle\" data-id=\"3271d01e\" data-element_type=\"section\" data-settings=\"{&quot;stretch_section&quot;:&quot;section-stretched&quot;,&quot;background_background&quot;:&quot;slideshow&quot;,&quot;background_slideshow_gallery&quot;:[{&quot;id&quot;:8590,&quot;url&quot;:&quot;https:\\\/\\\/www.horizonhomes-samui.com\\\/wp-content\\\/uploads\\\/2023\\\/07\\\/New-design-for-Horizon-Villas-Slider211.jpg&quot;},{&quot;id&quot;:8584,&quot;url&quot;:&quot;https:\\\/\\\/www.horizonhomes-samui.com\\\/wp-content\\\/uploads\\\/2023\\\/07\\\/4411.jpg&quot;}],&quot;background_slideshow_ken_burns&quot;:&quot;yes&quot;,&quot;background_slideshow_loop&quot;:&quot;yes&quot;,&quot;background_slideshow_slide_duration&quot;:5000,&quot;background_slideshow_slide_transition&quot;:&quot;fade&quot;,&quot;background_slideshow_transition_duration&quot;:500,&quot;background_slideshow_ken_burns_zoom_direction&quot;:&quot;in&quot;}\">\n\t\t\t\t\t\t\t<div class=\"elementor-background-overlay\"><\/div>\n\t\t\t\t\t\t\t<div class=\"elementor-container elementor-column-gap-default\">\n\t\t\t\t\t<div class=\"elementor-column elementor-col-100 elementor-top-column elementor-element elementor-element-70b2be6\" data-id=\"70b2be6\" data-element_type=\"column\">\n\t\t\t<div class=\"elementor-widget-wrap elementor-element-populated\">\n\t\t\t\t\t\t<div class=\"elementor-element elementor-element-ece1530 animated-slow elementor-invisible elementor-widget elementor-widget-houzez_elementor_section_title\" data-id=\"ece1530\" data-element_type=\"widget\" data-settings=\"{&quot;_animation&quot;:&quot;fadeIn&quot;}\" data-widget_type=\"houzez_elementor_section_title.default\">\n\t\t\t\t<div class=\"elementor-widget-container\">\n\t\t\t            <div class=\"houzez_section_title_wrap section-title-module\">\n                                    <h2 class=\"houzez_section_title\">Banque fonci\u00e8re en Tha\u00eflande<\/h2>\n                \n                            <\/div>\n            \t\t<\/div>\n\t\t\t\t<\/div>\n\t\t\t\t\t<\/div>\n\t\t<\/div>\n\t\t\t\t\t<\/div>\n\t\t<\/section>\n\t\t\t\t<section class=\"elementor-section elementor-top-section elementor-element elementor-element-70a11264 elementor-section-boxed elementor-section-height-default elementor-section-height-default\" data-id=\"70a11264\" data-element_type=\"section\" data-settings=\"{&quot;background_background&quot;:&quot;classic&quot;}\">\n\t\t\t\t\t\t<div class=\"elementor-container elementor-column-gap-default\">\n\t\t\t\t\t<div class=\"elementor-column elementor-col-100 elementor-top-column elementor-element elementor-element-49f11226\" data-id=\"49f11226\" data-element_type=\"column\">\n\t\t\t<div class=\"elementor-widget-wrap elementor-element-populated\">\n\t\t\t\t\t\t<div class=\"elementor-element elementor-element-7d2b2be5 elementor-widget elementor-widget-text-editor\" data-id=\"7d2b2be5\" data-element_type=\"widget\" data-widget_type=\"text-editor.default\">\n\t\t\t\t<div class=\"elementor-widget-container\">\n\t\t\t<style>\/*! elementor - v3.19.0 - 29-01-2024 *\/\n.elementor-widget-text-editor.elementor-drop-cap-view-stacked .elementor-drop-cap{background-color:#69727d;color:#fff}.elementor-widget-text-editor.elementor-drop-cap-view-framed .elementor-drop-cap{color:#69727d;border:3px solid;background-color:transparent}.elementor-widget-text-editor:not(.elementor-drop-cap-view-default) .elementor-drop-cap{margin-top:8px}.elementor-widget-text-editor:not(.elementor-drop-cap-view-default) .elementor-drop-cap-letter{width:1em;height:1em}.elementor-widget-text-editor .elementor-drop-cap{float:left;text-align:center;line-height:1;font-size:50px}.elementor-widget-text-editor .elementor-drop-cap-letter{display:inline-block}<\/style>\t\t\t\t<p>La banque <a style=\"background-color: #ffffff; transition-property: all;\" title=\"Koh Samui Land\" href=\"https:\/\/www.horizonhomes-samui.com\/type-category\/land\/?orderby=price-desc\">fonci\u00e8re<\/a> de <a style=\"background-color: #ffffff; transition-property: all;\" title=\"Koh Samui Land\" href=\"https:\/\/www.horizonhomes-samui.com\/type-category\/land\/?orderby=price-desc\">Koh Samui<\/a> est un fantastique investissement immobilier \u00e0 long terme en Tha\u00eflande. Il n&#8217;y a pas de travaux de construction \u00e0 effectuer, ce qui permet de ne pas avoir \u00e0 s&#8217;inqui\u00e9ter. Les prix des terrains augmentant d&#8217;au moins 20 % par an dans les bonnes r\u00e9gions de l&#8217;\u00eele, ils peuvent offrir un potentiel de rendement tr\u00e8s \u00e9lev\u00e9.<\/p>\n\t\t\t\t\t\t<\/div>\n\t\t\t\t<\/div>\n\t\t\t\t\t<\/div>\n\t\t<\/div>\n\t\t\t\t\t<\/div>\n\t\t<\/section>\n\t\t\t\t<section class=\"elementor-section elementor-top-section elementor-element elementor-element-67a30516 elementor-reverse-mobile elementor-section-boxed elementor-section-height-default elementor-section-height-default\" data-id=\"67a30516\" data-element_type=\"section\" data-settings=\"{&quot;background_background&quot;:&quot;classic&quot;}\">\n\t\t\t\t\t\t<div class=\"elementor-container elementor-column-gap-default\">\n\t\t\t\t\t<div class=\"elementor-column elementor-col-50 elementor-top-column elementor-element elementor-element-f331be\" data-id=\"f331be\" data-element_type=\"column\">\n\t\t\t<div class=\"elementor-widget-wrap elementor-element-populated\">\n\t\t\t\t\t\t<div class=\"elementor-element elementor-element-4a1461e6 elementor-widget__width-initial elementor-widget elementor-widget-heading\" data-id=\"4a1461e6\" data-element_type=\"widget\" data-widget_type=\"heading.default\">\n\t\t\t\t<div class=\"elementor-widget-container\">\n\t\t\t<style>\/*! elementor - v3.19.0 - 29-01-2024 *\/\n.elementor-heading-title{padding:0;margin:0;line-height:1}.elementor-widget-heading .elementor-heading-title[class*=elementor-size-]>a{color:inherit;font-size:inherit;line-height:inherit}.elementor-widget-heading .elementor-heading-title.elementor-size-small{font-size:15px}.elementor-widget-heading .elementor-heading-title.elementor-size-medium{font-size:19px}.elementor-widget-heading .elementor-heading-title.elementor-size-large{font-size:29px}.elementor-widget-heading .elementor-heading-title.elementor-size-xl{font-size:39px}.elementor-widget-heading .elementor-heading-title.elementor-size-xxl{font-size:59px}<\/style><h2 class=\"elementor-heading-title elementor-size-default\">Prix des terrains en hausse<\/h2>\t\t<\/div>\n\t\t\t\t<\/div>\n\t\t\t\t<div class=\"elementor-element elementor-element-24e4fbd7 elementor-widget elementor-widget-text-editor\" data-id=\"24e4fbd7\" data-element_type=\"widget\" data-widget_type=\"text-editor.default\">\n\t\t\t\t<div class=\"elementor-widget-container\">\n\t\t\t\t\t\t\t<p>L&#8217;achat de parcelles de 1 Rai \u00e0 1000 Rai permet d&#8217;obtenir d&#8217;excellents rendements. Il y a toujours de meilleurs investissements dans certains terrains que dans d&#8217;autres, mais gr\u00e2ce \u00e0 notre connaissance approfondie de ce qui se vend et des prix du march\u00e9, les villas Horizon Homes Koh Samui sont dans une position privil\u00e9gi\u00e9e pour vous aider \u00e0 faire l&#8217;investissement immobilier le plus astucieux lors de l&#8217;achat d&#8217;un terrain \u00e0 Koh Samui.<\/p>\n\t\t\t\t\t\t<\/div>\n\t\t\t\t<\/div>\n\t\t\t\t\t<\/div>\n\t\t<\/div>\n\t\t\t\t<div class=\"elementor-column elementor-col-50 elementor-top-column elementor-element elementor-element-2e0a14f7\" data-id=\"2e0a14f7\" data-element_type=\"column\">\n\t\t\t<div class=\"elementor-widget-wrap elementor-element-populated\">\n\t\t\t\t\t\t<div class=\"elementor-element elementor-element-659b7920 elementor-widget elementor-widget-image\" data-id=\"659b7920\" data-element_type=\"widget\" data-widget_type=\"image.default\">\n\t\t\t\t<div class=\"elementor-widget-container\">\n\t\t\t<style>\/*! elementor - v3.19.0 - 29-01-2024 *\/\n.elementor-widget-image{text-align:center}.elementor-widget-image a{display:inline-block}.elementor-widget-image a img[src$=\".svg\"]{width:48px}.elementor-widget-image img{vertical-align:middle;display:inline-block}<\/style>\t\t\t\t\t\t\t\t\t\t<img fetchpriority=\"high\" decoding=\"async\" width=\"2560\" height=\"1707\" src=\"https:\/\/www.horizonhomes-samui.com\/wp-content\/uploads\/2024\/05\/seascape-blue-beautiful-tourism-golf-scaled.jpg\" class=\"elementor-animation-float attachment-full size-full wp-image-114098\" alt=\"\" srcset=\"https:\/\/www.horizonhomes-samui.com\/wp-content\/uploads\/2024\/05\/seascape-blue-beautiful-tourism-golf-scaled.jpg 2560w, https:\/\/www.horizonhomes-samui.com\/wp-content\/uploads\/2024\/05\/seascape-blue-beautiful-tourism-golf-300x200.jpg 300w, https:\/\/www.horizonhomes-samui.com\/wp-content\/uploads\/2024\/05\/seascape-blue-beautiful-tourism-golf-1024x683.jpg 1024w, https:\/\/www.horizonhomes-samui.com\/wp-content\/uploads\/2024\/05\/seascape-blue-beautiful-tourism-golf-768x512.jpg 768w, https:\/\/www.horizonhomes-samui.com\/wp-content\/uploads\/2024\/05\/seascape-blue-beautiful-tourism-golf-1536x1024.jpg 1536w, https:\/\/www.horizonhomes-samui.com\/wp-content\/uploads\/2024\/05\/seascape-blue-beautiful-tourism-golf-2048x1365.jpg 2048w, https:\/\/www.horizonhomes-samui.com\/wp-content\/uploads\/2024\/05\/seascape-blue-beautiful-tourism-golf-900x600.jpg 900w, https:\/\/www.horizonhomes-samui.com\/wp-content\/uploads\/2024\/05\/seascape-blue-beautiful-tourism-golf-496x331.jpg 496w\" sizes=\"(max-width: 2560px) 100vw, 2560px\" \/>\t\t\t\t\t\t\t\t\t\t\t\t\t<\/div>\n\t\t\t\t<\/div>\n\t\t\t\t\t<\/div>\n\t\t<\/div>\n\t\t\t\t\t<\/div>\n\t\t<\/section>\n\t\t\t\t<section class=\"elementor-section elementor-top-section elementor-element elementor-element-5e163d6b elementor-section-boxed elementor-section-height-default elementor-section-height-default\" data-id=\"5e163d6b\" data-element_type=\"section\" data-settings=\"{&quot;background_background&quot;:&quot;classic&quot;}\">\n\t\t\t\t\t\t<div class=\"elementor-container elementor-column-gap-default\">\n\t\t\t\t\t<div class=\"elementor-column elementor-col-50 elementor-top-column elementor-element elementor-element-4da83eff\" data-id=\"4da83eff\" data-element_type=\"column\">\n\t\t\t<div class=\"elementor-widget-wrap elementor-element-populated\">\n\t\t\t\t\t\t<div class=\"elementor-element elementor-element-22e8439c elementor-widget elementor-widget-image\" data-id=\"22e8439c\" data-element_type=\"widget\" data-widget_type=\"image.default\">\n\t\t\t\t<div class=\"elementor-widget-container\">\n\t\t\t\t\t\t\t\t\t\t\t\t\t<img decoding=\"async\" width=\"2560\" height=\"1440\" src=\"https:\/\/www.horizonhomes-samui.com\/wp-content\/uploads\/2024\/05\/aerial-view-sandy-beach-with-tourists-swimming-beautiful-clear-sea-water-sumilon-island-beach-landing-near-oslob-cebu-philippines-boost-up-color-processing-scaled.jpg\" class=\"elementor-animation-float attachment-full size-full wp-image-114104\" alt=\"\" srcset=\"https:\/\/www.horizonhomes-samui.com\/wp-content\/uploads\/2024\/05\/aerial-view-sandy-beach-with-tourists-swimming-beautiful-clear-sea-water-sumilon-island-beach-landing-near-oslob-cebu-philippines-boost-up-color-processing-scaled.jpg 2560w, https:\/\/www.horizonhomes-samui.com\/wp-content\/uploads\/2024\/05\/aerial-view-sandy-beach-with-tourists-swimming-beautiful-clear-sea-water-sumilon-island-beach-landing-near-oslob-cebu-philippines-boost-up-color-processing-300x169.jpg 300w, https:\/\/www.horizonhomes-samui.com\/wp-content\/uploads\/2024\/05\/aerial-view-sandy-beach-with-tourists-swimming-beautiful-clear-sea-water-sumilon-island-beach-landing-near-oslob-cebu-philippines-boost-up-color-processing-1024x576.jpg 1024w, https:\/\/www.horizonhomes-samui.com\/wp-content\/uploads\/2024\/05\/aerial-view-sandy-beach-with-tourists-swimming-beautiful-clear-sea-water-sumilon-island-beach-landing-near-oslob-cebu-philippines-boost-up-color-processing-768x432.jpg 768w, https:\/\/www.horizonhomes-samui.com\/wp-content\/uploads\/2024\/05\/aerial-view-sandy-beach-with-tourists-swimming-beautiful-clear-sea-water-sumilon-island-beach-landing-near-oslob-cebu-philippines-boost-up-color-processing-1536x864.jpg 1536w, https:\/\/www.horizonhomes-samui.com\/wp-content\/uploads\/2024\/05\/aerial-view-sandy-beach-with-tourists-swimming-beautiful-clear-sea-water-sumilon-island-beach-landing-near-oslob-cebu-philippines-boost-up-color-processing-2048x1152.jpg 2048w, https:\/\/www.horizonhomes-samui.com\/wp-content\/uploads\/2024\/05\/aerial-view-sandy-beach-with-tourists-swimming-beautiful-clear-sea-water-sumilon-island-beach-landing-near-oslob-cebu-philippines-boost-up-color-processing-1067x600.jpg 1067w, https:\/\/www.horizonhomes-samui.com\/wp-content\/uploads\/2024\/05\/aerial-view-sandy-beach-with-tourists-swimming-beautiful-clear-sea-water-sumilon-island-beach-landing-near-oslob-cebu-philippines-boost-up-color-processing-496x279.jpg 496w\" sizes=\"(max-width: 2560px) 100vw, 2560px\" loading=\"lazy\" \/>\t\t\t\t\t\t\t\t\t\t\t\t\t<\/div>\n\t\t\t\t<\/div>\n\t\t\t\t\t<\/div>\n\t\t<\/div>\n\t\t\t\t<div class=\"elementor-column elementor-col-50 elementor-top-column elementor-element elementor-element-34369d20\" data-id=\"34369d20\" data-element_type=\"column\">\n\t\t\t<div class=\"elementor-widget-wrap elementor-element-populated\">\n\t\t\t\t\t\t<div class=\"elementor-element elementor-element-2def2223 elementor-widget__width-initial elementor-widget elementor-widget-heading\" data-id=\"2def2223\" data-element_type=\"widget\" data-widget_type=\"heading.default\">\n\t\t\t\t<div class=\"elementor-widget-container\">\n\t\t\t<h2 class=\"elementor-heading-title elementor-size-default\">Connaissance approfondie de la banque fonci\u00e8re en Tha\u00eflande<\/h2>\t\t<\/div>\n\t\t\t\t<\/div>\n\t\t\t\t<div class=\"elementor-element elementor-element-3810be05 elementor-widget elementor-widget-text-editor\" data-id=\"3810be05\" data-element_type=\"widget\" data-widget_type=\"text-editor.default\">\n\t\t\t\t<div class=\"elementor-widget-container\">\n\t\t\t\t\t\t\t<p>Il y a toujours de meilleurs investissements dans certains terrains que dans d&#8217;autres, mais gr\u00e2ce \u00e0 notre connaissance approfondie de ce qui se vend et des prix du march\u00e9, Horizon Homes est dans une position privil\u00e9gi\u00e9e pour vous aider \u00e0 faire l&#8217;investissement le plus astucieux.<\/p>\n\t\t\t\t\t\t<\/div>\n\t\t\t\t<\/div>\n\t\t\t\t\t<\/div>\n\t\t<\/div>\n\t\t\t\t\t<\/div>\n\t\t<\/section>\n\t\t\t\t<section class=\"elementor-section elementor-top-section elementor-element elementor-element-5a66ccc8 elementor-reverse-mobile elementor-section-boxed elementor-section-height-default elementor-section-height-default\" data-id=\"5a66ccc8\" data-element_type=\"section\" data-settings=\"{&quot;background_background&quot;:&quot;classic&quot;}\">\n\t\t\t\t\t\t<div class=\"elementor-container elementor-column-gap-default\">\n\t\t\t\t\t<div class=\"elementor-column elementor-col-100 elementor-top-column elementor-element elementor-element-7a82cd8\" data-id=\"7a82cd8\" data-element_type=\"column\">\n\t\t\t<div class=\"elementor-widget-wrap elementor-element-populated\">\n\t\t\t\t\t\t<div class=\"elementor-element elementor-element-72393fc0 elementor-widget elementor-widget-text-editor\" data-id=\"72393fc0\" data-element_type=\"widget\" data-widget_type=\"text-editor.default\">\n\t\t\t\t<div class=\"elementor-widget-container\">\n\t\t\t\t\t\t\t<p>Pour plus d&#8217;informations, <a title=\"Contactez nos professionnels de l'immobilier\" href=\"https:\/\/www.horizonhomes-samui.com\/fr\/contact\/\">contactez-nous<\/a> et notre \u00e9quipe de professionnels de l&#8217;immobilier ici \u00e0 Horizon Homes aujourd&#8217;hui pour discuter plus en d\u00e9tail des terrains \u00e0 vendre \u00e0 Koh Samui.<\/p>\n<p><strong><span style=\"color: #8a2c44;\">Appelez-nous d\u00e8s maintenant au +66 (0) 77 417 005<\/span><\/strong><\/p>\n\t\t\t\t\t\t<\/div>\n\t\t\t\t<\/div>\n\t\t\t\t\t<\/div>\n\t\t<\/div>\n\t\t\t\t\t<\/div>\n\t\t<\/section>\n\t\t\t\t<section class=\"elementor-section elementor-top-section elementor-element elementor-element-6c57263c elementor-section-boxed elementor-section-height-default elementor-section-height-default\" data-id=\"6c57263c\" data-element_type=\"section\">\n\t\t\t\t\t\t<div class=\"elementor-container elementor-column-gap-default\">\n\t\t\t\t\t<div class=\"elementor-column elementor-col-50 elementor-top-column elementor-element elementor-element-205ce900\" data-id=\"205ce900\" data-element_type=\"column\">\n\t\t\t<div class=\"elementor-widget-wrap elementor-element-populated\">\n\t\t\t\t\t\t<div class=\"elementor-element elementor-element-47531750 elementor-widget__width-initial elementor-widget elementor-widget-heading\" data-id=\"47531750\" data-element_type=\"widget\" data-widget_type=\"heading.default\">\n\t\t\t\t<div class=\"elementor-widget-container\">\n\t\t\t<h2 class=\"elementor-heading-title elementor-size-default\"> <span style=\"color:#8B2B44;\">SUIVEZ-NOUS<\/span><\/h2>\t\t<\/div>\n\t\t\t\t<\/div>\n\t\t\t\t<div class=\"elementor-element elementor-element-50f4582e elementor-shape-circle elementor-grid-3 elementor-widget__width-inherit e-grid-align-center elementor-widget elementor-widget-social-icons\" data-id=\"50f4582e\" data-element_type=\"widget\" data-settings=\"{&quot;_animation&quot;:&quot;none&quot;}\" data-widget_type=\"social-icons.default\">\n\t\t\t\t<div class=\"elementor-widget-container\">\n\t\t\t<style>\/*! elementor - v3.19.0 - 29-01-2024 *\/\n.elementor-widget-social-icons.elementor-grid-0 .elementor-widget-container,.elementor-widget-social-icons.elementor-grid-mobile-0 .elementor-widget-container,.elementor-widget-social-icons.elementor-grid-tablet-0 .elementor-widget-container{line-height:1;font-size:0}.elementor-widget-social-icons:not(.elementor-grid-0):not(.elementor-grid-tablet-0):not(.elementor-grid-mobile-0) .elementor-grid{display:inline-grid}.elementor-widget-social-icons .elementor-grid{grid-column-gap:var(--grid-column-gap,5px);grid-row-gap:var(--grid-row-gap,5px);grid-template-columns:var(--grid-template-columns);justify-content:var(--justify-content,center);justify-items:var(--justify-content,center)}.elementor-icon.elementor-social-icon{font-size:var(--icon-size,25px);line-height:var(--icon-size,25px);width:calc(var(--icon-size, 25px) + 2 * var(--icon-padding, .5em));height:calc(var(--icon-size, 25px) + 2 * var(--icon-padding, .5em))}.elementor-social-icon{--e-social-icon-icon-color:#fff;display:inline-flex;background-color:#69727d;align-items:center;justify-content:center;text-align:center;cursor:pointer}.elementor-social-icon i{color:var(--e-social-icon-icon-color)}.elementor-social-icon svg{fill:var(--e-social-icon-icon-color)}.elementor-social-icon:last-child{margin:0}.elementor-social-icon:hover{opacity:.9;color:#fff}.elementor-social-icon-android{background-color:#a4c639}.elementor-social-icon-apple{background-color:#999}.elementor-social-icon-behance{background-color:#1769ff}.elementor-social-icon-bitbucket{background-color:#205081}.elementor-social-icon-codepen{background-color:#000}.elementor-social-icon-delicious{background-color:#39f}.elementor-social-icon-deviantart{background-color:#05cc47}.elementor-social-icon-digg{background-color:#005be2}.elementor-social-icon-dribbble{background-color:#ea4c89}.elementor-social-icon-elementor{background-color:#d30c5c}.elementor-social-icon-envelope{background-color:#ea4335}.elementor-social-icon-facebook,.elementor-social-icon-facebook-f{background-color:#3b5998}.elementor-social-icon-flickr{background-color:#0063dc}.elementor-social-icon-foursquare{background-color:#2d5be3}.elementor-social-icon-free-code-camp,.elementor-social-icon-freecodecamp{background-color:#006400}.elementor-social-icon-github{background-color:#333}.elementor-social-icon-gitlab{background-color:#e24329}.elementor-social-icon-globe{background-color:#69727d}.elementor-social-icon-google-plus,.elementor-social-icon-google-plus-g{background-color:#dd4b39}.elementor-social-icon-houzz{background-color:#7ac142}.elementor-social-icon-instagram{background-color:#262626}.elementor-social-icon-jsfiddle{background-color:#487aa2}.elementor-social-icon-link{background-color:#818a91}.elementor-social-icon-linkedin,.elementor-social-icon-linkedin-in{background-color:#0077b5}.elementor-social-icon-medium{background-color:#00ab6b}.elementor-social-icon-meetup{background-color:#ec1c40}.elementor-social-icon-mixcloud{background-color:#273a4b}.elementor-social-icon-odnoklassniki{background-color:#f4731c}.elementor-social-icon-pinterest{background-color:#bd081c}.elementor-social-icon-product-hunt{background-color:#da552f}.elementor-social-icon-reddit{background-color:#ff4500}.elementor-social-icon-rss{background-color:#f26522}.elementor-social-icon-shopping-cart{background-color:#4caf50}.elementor-social-icon-skype{background-color:#00aff0}.elementor-social-icon-slideshare{background-color:#0077b5}.elementor-social-icon-snapchat{background-color:#fffc00}.elementor-social-icon-soundcloud{background-color:#f80}.elementor-social-icon-spotify{background-color:#2ebd59}.elementor-social-icon-stack-overflow{background-color:#fe7a15}.elementor-social-icon-steam{background-color:#00adee}.elementor-social-icon-stumbleupon{background-color:#eb4924}.elementor-social-icon-telegram{background-color:#2ca5e0}.elementor-social-icon-thumb-tack{background-color:#1aa1d8}.elementor-social-icon-tripadvisor{background-color:#589442}.elementor-social-icon-tumblr{background-color:#35465c}.elementor-social-icon-twitch{background-color:#6441a5}.elementor-social-icon-twitter{background-color:#1da1f2}.elementor-social-icon-viber{background-color:#665cac}.elementor-social-icon-vimeo{background-color:#1ab7ea}.elementor-social-icon-vk{background-color:#45668e}.elementor-social-icon-weibo{background-color:#dd2430}.elementor-social-icon-weixin{background-color:#31a918}.elementor-social-icon-whatsapp{background-color:#25d366}.elementor-social-icon-wordpress{background-color:#21759b}.elementor-social-icon-xing{background-color:#026466}.elementor-social-icon-yelp{background-color:#af0606}.elementor-social-icon-youtube{background-color:#cd201f}.elementor-social-icon-500px{background-color:#0099e5}.elementor-shape-rounded .elementor-icon.elementor-social-icon{border-radius:10%}.elementor-shape-circle .elementor-icon.elementor-social-icon{border-radius:50%}<\/style>\t\t<div class=\"elementor-social-icons-wrapper elementor-grid\">\n\t\t\t\t\t\t\t<span class=\"elementor-grid-item\">\n\t\t\t\t\t<a class=\"elementor-icon elementor-social-icon elementor-social-icon-facebook elementor-animation-shrink elementor-repeater-item-965c5cb\" href=\"https:\/\/www.facebook.com\/horizonhomeskohsamui\" target=\"_blank\">\n\t\t\t\t\t\t<span class=\"elementor-screen-only\">Facebook<\/span>\n\t\t\t\t\t\t<i class=\"fab fa-facebook\"><\/i>\t\t\t\t\t<\/a>\n\t\t\t\t<\/span>\n\t\t\t\t\t\t\t<span class=\"elementor-grid-item\">\n\t\t\t\t\t<a class=\"elementor-icon elementor-social-icon elementor-social-icon-twitter elementor-animation-shrink elementor-repeater-item-8a3badb\" href=\"https:\/\/twitter.com\/hhsamui\" target=\"_blank\">\n\t\t\t\t\t\t<span class=\"elementor-screen-only\">Twitter<\/span>\n\t\t\t\t\t\t<i class=\"fab fa-twitter\"><\/i>\t\t\t\t\t<\/a>\n\t\t\t\t<\/span>\n\t\t\t\t\t\t\t<span class=\"elementor-grid-item\">\n\t\t\t\t\t<a class=\"elementor-icon elementor-social-icon elementor-social-icon-weixin elementor-animation-shrink elementor-repeater-item-a639bf5\" href=\"https:\/\/www.horizonhomes-samui.com\/wp-content\/uploads\/2015\/04\/hh-qrcode-wechat-100.png\" target=\"_blank\">\n\t\t\t\t\t\t<span class=\"elementor-screen-only\">Weixin<\/span>\n\t\t\t\t\t\t<i class=\"fab fa-weixin\"><\/i>\t\t\t\t\t<\/a>\n\t\t\t\t<\/span>\n\t\t\t\t\t<\/div>\n\t\t\t\t<\/div>\n\t\t\t\t<\/div>\n\t\t\t\t\t<\/div>\n\t\t<\/div>\n\t\t\t\t<div class=\"elementor-column elementor-col-50 elementor-top-column elementor-element elementor-element-4f26a4cf\" data-id=\"4f26a4cf\" data-element_type=\"column\">\n\t\t\t<div class=\"elementor-widget-wrap elementor-element-populated\">\n\t\t\t\t\t\t<div class=\"elementor-element elementor-element-2a74b255 elementor-widget elementor-widget-image\" data-id=\"2a74b255\" data-element_type=\"widget\" data-widget_type=\"image.default\">\n\t\t\t\t<div class=\"elementor-widget-container\">\n\t\t\t\t\t\t\t\t\t\t\t\t\t<img decoding=\"async\" width=\"180\" height=\"222\" src=\"https:\/\/www.horizonhomes-samui.com\/wp-content\/uploads\/2023\/07\/banner-horizon-residence-sidebar-180.jpg\" class=\"attachment-large size-large wp-image-7417\" alt=\"\" loading=\"lazy\" \/>\t\t\t\t\t\t\t\t\t\t\t\t\t<\/div>\n\t\t\t\t<\/div>\n\t\t\t\t\t<\/div>\n\t\t<\/div>\n\t\t\t\t\t<\/div>\n\t\t<\/section>\n\t\t\t\t<\/div>\n\t\t","protected":false},"excerpt":{"rendered":"<p>Banque fonci\u00e8re en Tha\u00eflande La banque fonci\u00e8re de Koh Samui est un fantastique investissement immobilier \u00e0 long terme en Tha\u00eflande. Il n&#8217;y a pas de travaux de construction \u00e0 effectuer, ce qui permet de ne pas avoir \u00e0 s&#8217;inqui\u00e9ter. Les prix des terrains augmentant d&#8217;au moins 20 % par an dans les bonnes r\u00e9gions de [&hellip;]<\/p>\n","protected":false},"author":4,"featured_media":0,"parent":0,"menu_order":0,"comment_status":"closed","ping_status":"closed","template":"elementor_header_footer","meta":{"footnotes":""},"class_list":["post-119319","page","type-page","status-publish","hentry"],"_links":{"self":[{"href":"https:\/\/www.horizonhomes-samui.com\/fr\/wp-json\/wp\/v2\/pages\/119319","targetHints":{"allow":["GET"]}}],"collection":[{"href":"https:\/\/www.horizonhomes-samui.com\/fr\/wp-json\/wp\/v2\/pages"}],"about":[{"href":"https:\/\/www.horizonhomes-samui.com\/fr\/wp-json\/wp\/v2\/types\/page"}],"author":[{"embeddable":true,"href":"https:\/\/www.horizonhomes-samui.com\/fr\/wp-json\/wp\/v2\/users\/4"}],"replies":[{"embeddable":true,"href":"https:\/\/www.horizonhomes-samui.com\/fr\/wp-json\/wp\/v2\/comments?post=119319"}],"version-history":[{"count":0,"href":"https:\/\/www.horizonhomes-samui.com\/fr\/wp-json\/wp\/v2\/pages\/119319\/revisions"}],"wp:attachment":[{"href":"https:\/\/www.horizonhomes-samui.com\/fr\/wp-json\/wp\/v2\/media?parent=119319"}],"curies":[{"name":"wp","href":"https:\/\/api.w.org\/{rel}","templated":true}]}}