{"id":98574,"date":"2023-07-17T13:33:17","date_gmt":"2023-07-17T06:33:17","guid":{"rendered":"https:\/\/pattayapp.tempurl.host\/blog\/"},"modified":"2023-10-09T09:44:37","modified_gmt":"2023-10-09T02:44:37","slug":"blog","status":"publish","type":"page","link":"https:\/\/www.horizonhomes-samui.com\/fr\/blog\/","title":{"rendered":"Blog"},"content":{"rendered":"\t\t<div data-elementor-type=\"wp-page\" data-elementor-id=\"98574\" class=\"elementor elementor-98574 elementor-8194\" data-elementor-post-type=\"page\">\n\t\t\t\t\t\t<section class=\"elementor-section elementor-top-section elementor-element elementor-element-1a9c0f0c elementor-section-stretched elementor-section-height-min-height elementor-section-boxed elementor-section-height-default elementor-section-items-middle\" data-id=\"1a9c0f0c\" data-element_type=\"section\" data-settings=\"{&quot;stretch_section&quot;:&quot;section-stretched&quot;,&quot;background_background&quot;:&quot;slideshow&quot;,&quot;background_slideshow_gallery&quot;:[{&quot;id&quot;:9082,&quot;url&quot;:&quot;https:\\\/\\\/www.horizonhomes-samui.com\\\/wp-content\\\/uploads\\\/2023\\\/07\\\/phi-phi-island-ocean-thailand1.jpg&quot;}],&quot;background_slideshow_ken_burns&quot;:&quot;yes&quot;,&quot;background_slideshow_loop&quot;:&quot;yes&quot;,&quot;background_slideshow_slide_duration&quot;:5000,&quot;background_slideshow_slide_transition&quot;:&quot;fade&quot;,&quot;background_slideshow_transition_duration&quot;:500,&quot;background_slideshow_ken_burns_zoom_direction&quot;:&quot;in&quot;}\">\n\t\t\t\t\t\t\t<div class=\"elementor-background-overlay\"><\/div>\n\t\t\t\t\t\t\t<div class=\"elementor-container elementor-column-gap-default\">\n\t\t\t\t\t<div class=\"elementor-column elementor-col-100 elementor-top-column elementor-element elementor-element-11fa115d\" data-id=\"11fa115d\" data-element_type=\"column\">\n\t\t\t<div class=\"elementor-widget-wrap elementor-element-populated\">\n\t\t\t\t\t\t<div class=\"elementor-element elementor-element-676102ec animated-slow elementor-invisible elementor-widget elementor-widget-houzez_elementor_section_title\" data-id=\"676102ec\" data-element_type=\"widget\" data-settings=\"{&quot;_animation&quot;:&quot;fadeIn&quot;}\" data-widget_type=\"houzez_elementor_section_title.default\">\n\t\t\t\t<div class=\"elementor-widget-container\">\n\t\t\t            <div class=\"houzez_section_title_wrap section-title-module\">\n                                    <h2 class=\"houzez_section_title\">Blog<\/h2>\n                \n                                    <p class=\"houzez_section_subtitle\">Horizon Homes Koh Samui<\/p>\n                            <\/div>\n            \t\t<\/div>\n\t\t\t\t<\/div>\n\t\t\t\t\t<\/div>\n\t\t<\/div>\n\t\t\t\t\t<\/div>\n\t\t<\/section>\n\t\t\t\t<section class=\"elementor-section elementor-top-section elementor-element elementor-element-301d05f elementor-section-boxed elementor-section-height-default elementor-section-height-default\" data-id=\"301d05f\" data-element_type=\"section\">\n\t\t\t\t\t\t<div class=\"elementor-container elementor-column-gap-default\">\n\t\t\t\t\t<div class=\"elementor-column elementor-col-50 elementor-top-column elementor-element elementor-element-2f2ed40\" data-id=\"2f2ed40\" data-element_type=\"column\">\n\t\t\t<div class=\"elementor-widget-wrap elementor-element-populated\">\n\t\t\t\t\t\t<div class=\"elementor-element elementor-element-6376f71 elementor-grid-2 elementor-grid-tablet-2 elementor-grid-mobile-1 elementor-posts--thumbnail-top elementor-posts--show-avatar elementor-card-shadow-yes elementor-posts__hover-gradient elementor-widget elementor-widget-posts\" data-id=\"6376f71\" data-element_type=\"widget\" data-settings=\"{&quot;cards_columns&quot;:&quot;2&quot;,&quot;pagination_type&quot;:&quot;numbers_and_prev_next&quot;,&quot;cards_columns_tablet&quot;:&quot;2&quot;,&quot;cards_columns_mobile&quot;:&quot;1&quot;,&quot;cards_row_gap&quot;:{&quot;unit&quot;:&quot;px&quot;,&quot;size&quot;:35,&quot;sizes&quot;:[]},&quot;cards_row_gap_tablet&quot;:{&quot;unit&quot;:&quot;px&quot;,&quot;size&quot;:&quot;&quot;,&quot;sizes&quot;:[]},&quot;cards_row_gap_mobile&quot;:{&quot;unit&quot;:&quot;px&quot;,&quot;size&quot;:&quot;&quot;,&quot;sizes&quot;:[]}}\" data-widget_type=\"posts.cards\">\n\t\t\t\t<div class=\"elementor-widget-container\">\n\t\t\t<link rel=\"stylesheet\" href=\"https:\/\/www.horizonhomes-samui.com\/wp-content\/plugins\/elementor-pro\/assets\/css\/widget-posts.min.css\">\t\t<div class=\"elementor-posts-container elementor-posts elementor-posts--skin-cards elementor-grid\">\n\t\t\t\t<article class=\"elementor-post elementor-grid-item post-119235 post type-post status-publish format-standard hentry category-non-classifiee\">\n\t\t\t<div class=\"elementor-post__card\">\n\t\t\t\t<div class=\"elementor-post__text\">\n\t\t\t\t<h3 class=\"elementor-post__title\">\n\t\t\t<a href=\"https:\/\/www.horizonhomes-samui.com\/fr\/vente-et-location-de-biens-immobiliers-en-thailande\/\" >\n\t\t\t\tVente et location de biens immobiliers en Tha\u00eflande\t\t\t<\/a>\n\t\t<\/h3>\n\t\t\t\t<div class=\"elementor-post__excerpt\">\n\t\t\t<p>Vous cherchez \u00e0 vendre ou \u00e0 louer votre propri\u00e9t\u00e9 en Tha\u00eflande ? Ce guide complet est destin\u00e9 aux propri\u00e9taires d\u00e9sireux de s&#8217;orienter efficacement sur le<\/p>\n\t\t<\/div>\n\t\t\n\t\t<a class=\"elementor-post__read-more\" href=\"https:\/\/www.horizonhomes-samui.com\/fr\/vente-et-location-de-biens-immobiliers-en-thailande\/\" aria-label=\"En savoir plus sur Vente et location de biens immobiliers en Tha\u00eflande\" tabindex=\"-1\" >\n\t\t\tLire la suite \"\t\t<\/a>\n\n\t\t\t\t<\/div>\n\t\t\t\t<div class=\"elementor-post__meta-data\">\n\t\t\t\t\t<span class=\"elementor-post-date\">\n\t\t\tao\u00fbt 15, 2024\t\t<\/span>\n\t\t\t\t<\/div>\n\t\t\t\t\t<\/div>\n\t\t<\/article>\n\t\t\t\t<article class=\"elementor-post elementor-grid-item post-96792 post type-post status-publish format-standard has-post-thumbnail hentry category-news\">\n\t\t\t<div class=\"elementor-post__card\">\n\t\t\t\t<a class=\"elementor-post__thumbnail__link\" href=\"https:\/\/www.horizonhomes-samui.com\/fr\/impots-et-taxes-sur-limmobilier-en-thailande\/\" tabindex=\"-1\" ><div class=\"elementor-post__thumbnail\"><img fetchpriority=\"high\" decoding=\"async\" width=\"780\" height=\"520\" src=\"https:\/\/www.horizonhomes-samui.com\/wp-content\/uploads\/2023\/07\/hh-thai-women-780.jpg\" class=\"attachment-full size-full wp-image-16526\" alt=\"\" srcset=\"https:\/\/www.horizonhomes-samui.com\/wp-content\/uploads\/2023\/07\/hh-thai-women-780.jpg 780w, https:\/\/www.horizonhomes-samui.com\/wp-content\/uploads\/2023\/07\/hh-thai-women-780-300x200.jpg 300w, https:\/\/www.horizonhomes-samui.com\/wp-content\/uploads\/2023\/07\/hh-thai-women-780-768x512.jpg 768w, https:\/\/www.horizonhomes-samui.com\/wp-content\/uploads\/2023\/07\/hh-thai-women-780-496x331.jpg 496w\" sizes=\"(max-width: 780px) 100vw, 780px\" \/><\/div><\/a>\n\t\t\t\t<div class=\"elementor-post__badge\">Nouvelles<\/div>\n\t\t\t\t<div class=\"elementor-post__avatar\">\n\t\t\t<img decoding=\"async\" width=\"128\" height=\"128\" src=\"https:\/\/www.horizonhomes-samui.com\/wp-content\/uploads\/2023\/07\/alex-150x150.jpg\" class=\"avatar avatar-128 photo\" alt=\"Alex\" loading=\"lazy\" \/>\t\t<\/div>\n\t\t\t\t<div class=\"elementor-post__text\">\n\t\t\t\t<h3 class=\"elementor-post__title\">\n\t\t\t<a href=\"https:\/\/www.horizonhomes-samui.com\/fr\/impots-et-taxes-sur-limmobilier-en-thailande\/\" >\n\t\t\t\tImp\u00f4ts et taxes sur l&#8217;immobilier en Tha\u00eflande\t\t\t<\/a>\n\t\t<\/h3>\n\t\t\t\t<div class=\"elementor-post__excerpt\">\n\t\t\t<p>R\u00e9forme de l&#8217;imp\u00f4t foncier en Tha\u00eflande : Naviguer dans le nouveau paysage Les r\u00e9cents amendements \u00e0 la l\u00e9gislation sur l&#8217;imp\u00f4t foncier en Tha\u00eflande visent \u00e0<\/p>\n\t\t<\/div>\n\t\t\n\t\t<a class=\"elementor-post__read-more\" href=\"https:\/\/www.horizonhomes-samui.com\/fr\/impots-et-taxes-sur-limmobilier-en-thailande\/\" aria-label=\"En savoir plus sur Imp\u00f4ts et taxes sur l&#8217;immobilier en Tha\u00eflande\" tabindex=\"-1\" >\n\t\t\tLire la suite \"\t\t<\/a>\n\n\t\t\t\t<\/div>\n\t\t\t\t<div class=\"elementor-post__meta-data\">\n\t\t\t\t\t<span class=\"elementor-post-date\">\n\t\t\tjuillet 31, 2024\t\t<\/span>\n\t\t\t\t<\/div>\n\t\t\t\t\t<\/div>\n\t\t<\/article>\n\t\t\t\t<article class=\"elementor-post elementor-grid-item post-119241 post type-post status-publish format-standard hentry category-non-classifiee\">\n\t\t\t<div class=\"elementor-post__card\">\n\t\t\t\t<div class=\"elementor-post__text\">\n\t\t\t\t<h3 class=\"elementor-post__title\">\n\t\t\t<a href=\"https:\/\/www.horizonhomes-samui.com\/fr\/se-rendre-a-koh-samui\/\" >\n\t\t\t\tSe rendre \u00e0 Koh Samui\t\t\t<\/a>\n\t\t<\/h3>\n\t\t\t\t<div class=\"elementor-post__excerpt\">\n\t\t\t<p>Se rendre \u00e0 Koh Samui, un paradis tropical en Tha\u00eflande, n\u00e9cessite une pr\u00e9paration minutieuse afin de garantir un voyage agr\u00e9able et sans encombre. Voici un<\/p>\n\t\t<\/div>\n\t\t\n\t\t<a class=\"elementor-post__read-more\" href=\"https:\/\/www.horizonhomes-samui.com\/fr\/se-rendre-a-koh-samui\/\" aria-label=\"En savoir plus sur Se rendre \u00e0 Koh Samui\" tabindex=\"-1\" >\n\t\t\tLire la suite \"\t\t<\/a>\n\n\t\t\t\t<\/div>\n\t\t\t\t<div class=\"elementor-post__meta-data\">\n\t\t\t\t\t<span class=\"elementor-post-date\">\n\t\t\tjuillet 17, 2024\t\t<\/span>\n\t\t\t\t<\/div>\n\t\t\t\t\t<\/div>\n\t\t<\/article>\n\t\t\t\t<article class=\"elementor-post elementor-grid-item post-119293 post type-post status-publish format-standard hentry category-property\">\n\t\t\t<div class=\"elementor-post__card\">\n\t\t\t\t<div class=\"elementor-post__text\">\n\t\t\t\t<h3 class=\"elementor-post__title\">\n\t\t\t<a href=\"https:\/\/www.horizonhomes-samui.com\/fr\/mise-a-jour-du-developpement-horizon-villas\/\" >\n\t\t\t\tMise \u00e0 jour du d\u00e9veloppement &#8211; Horizon Villas\t\t\t<\/a>\n\t\t<\/h3>\n\t\t\t\t<div class=\"elementor-post__excerpt\">\n\t\t\t<p>Mise \u00e0 jour du d\u00e9veloppement des Villas Horizon 17s 25s 28s 30a et 30b 36s 37s 35s, 39s, 7, 8 Villas de jardin 17s Bienvenue<\/p>\n\t\t<\/div>\n\t\t\n\t\t<a class=\"elementor-post__read-more\" href=\"https:\/\/www.horizonhomes-samui.com\/fr\/mise-a-jour-du-developpement-horizon-villas\/\" aria-label=\"En savoir plus sur Mise \u00e0 jour du d\u00e9veloppement &#8211; Horizon Villas\" tabindex=\"-1\" >\n\t\t\tLire la suite \"\t\t<\/a>\n\n\t\t\t\t<\/div>\n\t\t\t\t<div class=\"elementor-post__meta-data\">\n\t\t\t\t\t<span class=\"elementor-post-date\">\n\t\t\tjuin 28, 2024\t\t<\/span>\n\t\t\t\t<\/div>\n\t\t\t\t\t<\/div>\n\t\t<\/article>\n\t\t\t\t<article class=\"elementor-post elementor-grid-item post-96541 post type-post status-publish format-standard hentry category-news\">\n\t\t\t<div class=\"elementor-post__card\">\n\t\t\t\t<div class=\"elementor-post__text\">\n\t\t\t\t<h3 class=\"elementor-post__title\">\n\t\t\t<a href=\"https:\/\/www.horizonhomes-samui.com\/fr\/visas-de-retraite\/\" >\n\t\t\t\tVisas de retraite\t\t\t<\/a>\n\t\t<\/h3>\n\t\t\t\t<div class=\"elementor-post__excerpt\">\n\t\t\t<p>Si vous ou votre conjoint avez plus de 50 ans et souhaitez vivre en Tha\u00eflande, un visa de retraite peut vous convenir. Il existe deux<\/p>\n\t\t<\/div>\n\t\t\n\t\t<a class=\"elementor-post__read-more\" href=\"https:\/\/www.horizonhomes-samui.com\/fr\/visas-de-retraite\/\" aria-label=\"En savoir plus sur Visas de retraite\" tabindex=\"-1\" >\n\t\t\tLire la suite \"\t\t<\/a>\n\n\t\t\t\t<\/div>\n\t\t\t\t<div class=\"elementor-post__meta-data\">\n\t\t\t\t\t<span class=\"elementor-post-date\">\n\t\t\tjuin 20, 2024\t\t<\/span>\n\t\t\t\t<\/div>\n\t\t\t\t\t<\/div>\n\t\t<\/article>\n\t\t\t\t<article class=\"elementor-post elementor-grid-item post-119295 post type-post status-publish format-standard hentry category-non-classifiee\">\n\t\t\t<div class=\"elementor-post__card\">\n\t\t\t\t<div class=\"elementor-post__text\">\n\t\t\t\t<h3 class=\"elementor-post__title\">\n\t\t\t<a href=\"https:\/\/www.horizonhomes-samui.com\/fr\/calendrier-des-investissements-a-koh-samui\/\" >\n\t\t\t\tCalendrier des investissements \u00e0 Koh Samui\t\t\t<\/a>\n\t\t<\/h3>\n\t\t\t\t<div class=\"elementor-post__excerpt\">\n\t\t\t<p>Koh Samui a \u00e9t\u00e9 le th\u00e9\u00e2tre d&#8217;investissements importants au cours des 15 derni\u00e8res ann\u00e9es, marquant son \u00e9volution en tant que destination privil\u00e9gi\u00e9e pour le tourisme<\/p>\n\t\t<\/div>\n\t\t\n\t\t<a class=\"elementor-post__read-more\" href=\"https:\/\/www.horizonhomes-samui.com\/fr\/calendrier-des-investissements-a-koh-samui\/\" aria-label=\"En savoir plus sur Calendrier des investissements \u00e0 Koh Samui\" tabindex=\"-1\" >\n\t\t\tLire la suite \"\t\t<\/a>\n\n\t\t\t\t<\/div>\n\t\t\t\t<div class=\"elementor-post__meta-data\">\n\t\t\t\t\t<span class=\"elementor-post-date\">\n\t\t\tjuin 19, 2024\t\t<\/span>\n\t\t\t\t<\/div>\n\t\t\t\t\t<\/div>\n\t\t<\/article>\n\t\t\t\t<\/div>\n\t\t\n\t\t\t\t<div class=\"e-load-more-anchor\" data-page=\"1\" data-max-page=\"36\" data-next-page=\"https:\/\/www.horizonhomes-samui.com\/fr\/wp-json\/wp\/v2\/pages\/98574\/page\/2\/\"><\/div>\n\t\t\t\t<nav class=\"elementor-pagination\" aria-label=\"Pagination\">\n\t\t\t<span class=\"page-numbers prev\">\" Pr\u00e9c\u00e9dent<\/span>\n<span aria-current=\"page\" class=\"page-numbers current\"><span class=\"elementor-screen-only\">Page<\/span>1<\/span>\n<a class=\"page-numbers\" href=\"https:\/\/www.horizonhomes-samui.com\/fr\/wp-json\/wp\/v2\/pages\/98574\/page\/2\/\"><span class=\"elementor-screen-only\">Page<\/span>2<\/a>\n<a class=\"page-numbers\" href=\"https:\/\/www.horizonhomes-samui.com\/fr\/wp-json\/wp\/v2\/pages\/98574\/page\/3\/\"><span class=\"elementor-screen-only\">Page<\/span>3<\/a>\n<span class=\"page-numbers dots\">\u2026<\/span>\n<a class=\"page-numbers\" href=\"https:\/\/www.horizonhomes-samui.com\/fr\/wp-json\/wp\/v2\/pages\/98574\/page\/36\/\"><span class=\"elementor-screen-only\">Page<\/span>36<\/a>\n<a class=\"page-numbers next\" href=\"https:\/\/www.horizonhomes-samui.com\/fr\/wp-json\/wp\/v2\/pages\/98574\/page\/2\/\">Suivant \"<\/a>\t\t<\/nav>\n\t\t\t\t<\/div>\n\t\t\t\t<\/div>\n\t\t\t\t\t<\/div>\n\t\t<\/div>\n\t\t\t\t<div class=\"elementor-column elementor-col-50 elementor-top-column elementor-element elementor-element-b90ef16\" data-id=\"b90ef16\" data-element_type=\"column\">\n\t\t\t<div class=\"elementor-widget-wrap elementor-element-populated\">\n\t\t\t\t\t\t<div class=\"elementor-element elementor-element-a8f9888 elementor-widget elementor-widget-sidebar\" data-id=\"a8f9888\" data-element_type=\"widget\" data-widget_type=\"sidebar.default\">\n\t\t\t\t<div class=\"elementor-widget-container\">\n\t\t\t<div id=\"block-2\" class=\"widget widget-wrap widget_block widget_search\"><form role=\"search\" method=\"get\" action=\"https:\/\/www.horizonhomes-samui.com\/fr\/\" class=\"wp-block-search__button-outside wp-block-search__text-button wp-block-search\"    ><label class=\"wp-block-search__label\" for=\"wp-block-search__input-1\" >Rechercher<\/label><div class=\"wp-block-search__inside-wrapper\" ><input class=\"wp-block-search__input\" id=\"wp-block-search__input-1\" placeholder=\"\" value=\"\" type=\"search\" name=\"s\" required \/><button aria-label=\"Rechercher\" class=\"wp-block-search__button wp-element-button\" type=\"submit\" >Rechercher<\/button><\/div><\/form><\/div><div id=\"block-14\" class=\"widget widget-wrap widget_block\">\n<div class=\"wp-block-group\"><div class=\"wp-block-group__inner-container is-layout-constrained wp-block-group-is-layout-constrained\">\n<h2 class=\"wp-block-heading\">Quick Links<\/h2>\n\n\n<div class=\"widget widget_nav_menu\"><div class=\"menu-internal-links-sidebar-french-container\"><ul id=\"menu-internal-links-sidebar-french\" class=\"menu\"><li id=\"menu-item-118489\" class=\"menu-item menu-item-type-taxonomy menu-item-object-property_status menu-item-118489\"><a href=\"https:\/\/www.horizonhomes-samui.com\/fr\/status\/for-sale\/\">A vendre<\/a><\/li>\n<li id=\"menu-item-118490\" class=\"menu-item menu-item-type-taxonomy menu-item-object-property_status menu-item-118490\"><a href=\"https:\/\/www.horizonhomes-samui.com\/fr\/status\/for-rent\/\">A louer<\/a><\/li>\n<li id=\"menu-item-118491\" class=\"menu-item menu-item-type-taxonomy menu-item-object-property_area menu-item-has-children menu-item-118491\"><a href=\"https:\/\/www.horizonhomes-samui.com\/fr\/area\/north-west\/\">Nord-Ouest<\/a>\n<ul class=\"sub-menu\">\n\t<li id=\"menu-item-118492\" class=\"menu-item menu-item-type-taxonomy menu-item-object-property_area menu-item-118492\"><a href=\"https:\/\/www.horizonhomes-samui.com\/fr\/area\/ban-tai-north-west\/\">Ban Tai<\/a><\/li>\n\t<li id=\"menu-item-118493\" class=\"menu-item menu-item-type-taxonomy menu-item-object-property_area menu-item-118493\"><a href=\"https:\/\/www.horizonhomes-samui.com\/fr\/area\/bang-makham-north-west\/\">Bang Makham<\/a><\/li>\n\t<li id=\"menu-item-118523\" class=\"menu-item menu-item-type-taxonomy menu-item-object-property_area menu-item-118523\"><a href=\"https:\/\/www.horizonhomes-samui.com\/fr\/area\/bang-por-north-west\/\">Bang Por<\/a><\/li>\n\t<li id=\"menu-item-118524\" class=\"menu-item menu-item-type-taxonomy menu-item-object-property_area menu-item-118524\"><a href=\"https:\/\/www.horizonhomes-samui.com\/fr\/area\/laem-noi\/\">Laem Noi<\/a><\/li>\n\t<li id=\"menu-item-118525\" class=\"menu-item menu-item-type-taxonomy menu-item-object-property_area menu-item-118525\"><a href=\"https:\/\/www.horizonhomes-samui.com\/fr\/area\/laem-yai\/\">Laem Yai<\/a><\/li>\n\t<li id=\"menu-item-118526\" class=\"menu-item menu-item-type-taxonomy menu-item-object-property_area menu-item-118526\"><a href=\"https:\/\/www.horizonhomes-samui.com\/fr\/area\/nathon-north-west-2\/\">Nathon<\/a><\/li>\n<\/ul>\n<\/li>\n<li id=\"menu-item-118527\" class=\"menu-item menu-item-type-taxonomy menu-item-object-property_area menu-item-has-children menu-item-118527\"><a href=\"https:\/\/www.horizonhomes-samui.com\/fr\/area\/north-east\/\">Nord-Est<\/a>\n<ul class=\"sub-menu\">\n\t<li id=\"menu-item-118528\" class=\"menu-item menu-item-type-taxonomy menu-item-object-property_area menu-item-118528\"><a href=\"https:\/\/www.horizonhomes-samui.com\/fr\/area\/bang-rak-north-east\/\">Bang Rak<\/a><\/li>\n\t<li id=\"menu-item-118529\" class=\"menu-item menu-item-type-taxonomy menu-item-object-property_area menu-item-118529\"><a href=\"https:\/\/www.horizonhomes-samui.com\/fr\/area\/big-buddha-north-east\/\">Big Buddha<\/a><\/li>\n\t<li id=\"menu-item-118530\" class=\"menu-item menu-item-type-taxonomy menu-item-object-property_area menu-item-118530\"><a href=\"https:\/\/www.horizonhomes-samui.com\/fr\/area\/bophut-north-east\/\">Bophut<\/a><\/li>\n\t<li id=\"menu-item-118531\" class=\"menu-item menu-item-type-taxonomy menu-item-object-property_area menu-item-118531\"><a href=\"https:\/\/www.horizonhomes-samui.com\/fr\/area\/chaweng-north-east\/\">Chaweng<\/a><\/li>\n\t<li id=\"menu-item-118532\" class=\"menu-item menu-item-type-taxonomy menu-item-object-property_area menu-item-118532\"><a href=\"https:\/\/www.horizonhomes-samui.com\/fr\/area\/chaweng-noi-north-east\/\">Chaweng Noi<\/a><\/li>\n\t<li id=\"menu-item-118533\" class=\"menu-item menu-item-type-taxonomy menu-item-object-property_area menu-item-118533\"><a href=\"https:\/\/www.horizonhomes-samui.com\/fr\/area\/choeng-mon-north-east\/\">Choeng Mon<\/a><\/li>\n\t<li id=\"menu-item-118534\" class=\"menu-item menu-item-type-taxonomy menu-item-object-property_area menu-item-118534\"><a href=\"https:\/\/www.horizonhomes-samui.com\/fr\/area\/mae-nam\/\">Mae Nam<\/a><\/li>\n\t<li id=\"menu-item-118535\" class=\"menu-item menu-item-type-taxonomy menu-item-object-property_area menu-item-118535\"><a href=\"https:\/\/www.horizonhomes-samui.com\/fr\/area\/plai-laem-north-east\/\">Plai Laem<\/a><\/li>\n\t<li id=\"menu-item-118536\" class=\"menu-item menu-item-type-taxonomy menu-item-object-property_area menu-item-118536\"><a href=\"https:\/\/www.horizonhomes-samui.com\/fr\/area\/tong-son-bay-north-east\/\">Baie de Tong Son<\/a><\/li>\n<\/ul>\n<\/li>\n<li id=\"menu-item-118537\" class=\"menu-item menu-item-type-taxonomy menu-item-object-property_area menu-item-has-children menu-item-118537\"><a href=\"https:\/\/www.horizonhomes-samui.com\/fr\/area\/south-east\/\">Sud-Est<\/a>\n<ul class=\"sub-menu\">\n\t<li id=\"menu-item-118538\" class=\"menu-item menu-item-type-taxonomy menu-item-object-property_area menu-item-118538\"><a href=\"https:\/\/www.horizonhomes-samui.com\/fr\/area\/ban-talay-south-east\/\">Ban Talay<\/a><\/li>\n\t<li id=\"menu-item-118539\" class=\"menu-item menu-item-type-taxonomy menu-item-object-property_area menu-item-118539\"><a href=\"https:\/\/www.horizonhomes-samui.com\/fr\/area\/bang-kao-south-east\/\">Bang Kao<\/a><\/li>\n\t<li id=\"menu-item-118540\" class=\"menu-item menu-item-type-taxonomy menu-item-object-property_area menu-item-118540\"><a href=\"https:\/\/www.horizonhomes-samui.com\/fr\/area\/huaanon-south-east\/\">Hua Thanon<\/a><\/li>\n\t<li id=\"menu-item-118541\" class=\"menu-item menu-item-type-taxonomy menu-item-object-property_area menu-item-118541\"><a href=\"https:\/\/www.horizonhomes-samui.com\/fr\/area\/laem-set-south-east\/\">Laem Set<\/a><\/li>\n\t<li id=\"menu-item-118542\" class=\"menu-item menu-item-type-taxonomy menu-item-object-property_area menu-item-118542\"><a href=\"https:\/\/www.horizonhomes-samui.com\/fr\/area\/lamai-south-east\/\">Lamai<\/a><\/li>\n<\/ul>\n<\/li>\n<li id=\"menu-item-118543\" class=\"menu-item menu-item-type-taxonomy menu-item-object-property_area menu-item-has-children menu-item-118543\"><a href=\"https:\/\/www.horizonhomes-samui.com\/fr\/area\/south-west\/\">Sud-Ouest<\/a>\n<ul class=\"sub-menu\">\n\t<li id=\"menu-item-118544\" class=\"menu-item menu-item-type-taxonomy menu-item-object-property_area menu-item-118544\"><a href=\"https:\/\/www.horizonhomes-samui.com\/fr\/area\/banale-south-west-2\/\">Ban Thale<\/a><\/li>\n\t<li id=\"menu-item-118545\" class=\"menu-item menu-item-type-taxonomy menu-item-object-property_area menu-item-118545\"><a href=\"https:\/\/www.horizonhomes-samui.com\/fr\/area\/laem-sor-south-west\/\">Laem Sor<\/a><\/li>\n\t<li id=\"menu-item-118546\" class=\"menu-item menu-item-type-taxonomy menu-item-object-property_area menu-item-118546\"><a href=\"https:\/\/www.horizonhomes-samui.com\/fr\/area\/lipa-noi-south-west\/\">Lipa Noi<\/a><\/li>\n\t<li id=\"menu-item-118547\" class=\"menu-item menu-item-type-taxonomy menu-item-object-property_area menu-item-118547\"><a href=\"https:\/\/www.horizonhomes-samui.com\/fr\/area\/phang-ka-south-west\/\">Phang Ka<\/a><\/li>\n\t<li id=\"menu-item-118551\" class=\"menu-item menu-item-type-taxonomy menu-item-object-property_area menu-item-118551\"><a href=\"https:\/\/www.horizonhomes-samui.com\/fr\/area\/taling-ngam-south-west\/\">Taling Ngam<\/a><\/li>\n\t<li id=\"menu-item-118552\" class=\"menu-item menu-item-type-taxonomy menu-item-object-property_area menu-item-118552\"><a href=\"https:\/\/www.horizonhomes-samui.com\/fr\/area\/thong-krut-south-west\/\">Thong Krut<\/a><\/li>\n<\/ul>\n<\/li>\n<\/ul><\/div><\/div><\/div><\/div>\n<\/div><div id=\"block-3\" class=\"widget widget-wrap widget_block\">\n<div class=\"wp-block-group\"><div class=\"wp-block-group__inner-container is-layout-flow wp-block-group-is-layout-flow\">\n<h2 class=\"wp-block-heading\">Recent Posts<\/h2>\n\n\n<ul class=\"wp-block-latest-posts__list wp-block-latest-posts\"><li><a class=\"wp-block-latest-posts__post-title\" href=\"https:\/\/www.horizonhomes-samui.com\/fr\/vente-et-location-de-biens-immobiliers-en-thailande\/\">Vente et location de biens immobiliers en Tha\u00eflande<\/a><\/li>\n<li><a class=\"wp-block-latest-posts__post-title\" href=\"https:\/\/www.horizonhomes-samui.com\/fr\/impots-et-taxes-sur-limmobilier-en-thailande\/\">Imp\u00f4ts et taxes sur l&#8217;immobilier en Tha\u00eflande<\/a><\/li>\n<li><a class=\"wp-block-latest-posts__post-title\" href=\"https:\/\/www.horizonhomes-samui.com\/fr\/se-rendre-a-koh-samui\/\">Se rendre \u00e0 Koh Samui<\/a><\/li>\n<li><a class=\"wp-block-latest-posts__post-title\" href=\"https:\/\/www.horizonhomes-samui.com\/fr\/mise-a-jour-du-developpement-horizon-villas\/\">Mise \u00e0 jour du d\u00e9veloppement &#8211; Horizon Villas<\/a><\/li>\n<li><a class=\"wp-block-latest-posts__post-title\" href=\"https:\/\/www.horizonhomes-samui.com\/fr\/visas-de-retraite\/\">Visas de retraite<\/a><\/li>\n<\/ul><\/div><\/div>\n<\/div><div id=\"block-4\" class=\"widget widget-wrap widget_block\">\n<div class=\"wp-block-group\"><div class=\"wp-block-group__inner-container is-layout-flow wp-block-group-is-layout-flow\">\n<h2 class=\"wp-block-heading\">Categories<\/h2>\n\n\n<ul class=\"wp-block-categories-list wp-block-categories\">\t<li class=\"cat-item cat-item-373\"><a href=\"https:\/\/www.horizonhomes-samui.com\/fr\/category\/about-koh-samui\/\">About Koh Samui<\/a>\n<\/li>\n\t<li class=\"cat-item cat-item-334\"><a href=\"https:\/\/www.horizonhomes-samui.com\/fr\/category\/non-classifiee\/\">Non classifi\u00e9(e)<\/a>\n<\/li>\n\t<li class=\"cat-item cat-item-365\"><a href=\"https:\/\/www.horizonhomes-samui.com\/fr\/category\/news\/\">Nouvelles<\/a>\n<\/li>\n\t<li class=\"cat-item cat-item-367\"><a href=\"https:\/\/www.horizonhomes-samui.com\/fr\/category\/property\/\">Property<\/a>\n<\/li>\n\t<li class=\"cat-item cat-item-375\"><a href=\"https:\/\/www.horizonhomes-samui.com\/fr\/category\/real-estate\/\">Real Estate<\/a>\n<\/li>\n\t<li class=\"cat-item cat-item-372\"><a href=\"https:\/\/www.horizonhomes-samui.com\/fr\/category\/rentals\/\">Rentals<\/a>\n<\/li>\n<\/ul><\/div><\/div>\n<\/div>\t\t<\/div>\n\t\t\t\t<\/div>\n\t\t\t\t\t<\/div>\n\t\t<\/div>\n\t\t\t\t\t<\/div>\n\t\t<\/section>\n\t\t\t\t<\/div>\n\t\t","protected":false},"excerpt":{"rendered":"<p>Blog Horizon Homes Koh Samui<\/p>\n","protected":false},"author":4,"featured_media":0,"parent":0,"menu_order":0,"comment_status":"closed","ping_status":"closed","template":"elementor_header_footer","meta":{"footnotes":""},"class_list":["post-98574","page","type-page","status-publish","hentry"],"_links":{"self":[{"href":"https:\/\/www.horizonhomes-samui.com\/fr\/wp-json\/wp\/v2\/pages\/98574","targetHints":{"allow":["GET"]}}],"collection":[{"href":"https:\/\/www.horizonhomes-samui.com\/fr\/wp-json\/wp\/v2\/pages"}],"about":[{"href":"https:\/\/www.horizonhomes-samui.com\/fr\/wp-json\/wp\/v2\/types\/page"}],"author":[{"embeddable":true,"href":"https:\/\/www.horizonhomes-samui.com\/fr\/wp-json\/wp\/v2\/users\/4"}],"replies":[{"embeddable":true,"href":"https:\/\/www.horizonhomes-samui.com\/fr\/wp-json\/wp\/v2\/comments?post=98574"}],"version-history":[{"count":0,"href":"https:\/\/www.horizonhomes-samui.com\/fr\/wp-json\/wp\/v2\/pages\/98574\/revisions"}],"wp:attachment":[{"href":"https:\/\/www.horizonhomes-samui.com\/fr\/wp-json\/wp\/v2\/media?parent=98574"}],"curies":[{"name":"wp","href":"https:\/\/api.w.org\/{rel}","templated":true}]}}