{"id":98609,"date":"2023-06-22T09:16:10","date_gmt":"2023-06-22T02:16:10","guid":{"rendered":"https:\/\/pattayapp.tempurl.host\/developpements\/"},"modified":"2023-10-09T09:44:32","modified_gmt":"2023-10-09T02:44:32","slug":"horizon-homes-developments","status":"publish","type":"page","link":"https:\/\/www.horizonhomes-samui.com\/fr\/horizon-homes-developments\/","title":{"rendered":"D\u00e9veloppements"},"content":{"rendered":"\t\t<div data-elementor-type=\"wp-page\" data-elementor-id=\"98609\" class=\"elementor elementor-98609 elementor-13\" data-elementor-post-type=\"page\">\n\t\t\t\t\t\t<section class=\"elementor-section elementor-top-section elementor-element elementor-element-39f9bc28 elementor-section-stretched elementor-section-height-min-height elementor-section-boxed elementor-section-height-default elementor-section-items-middle\" data-id=\"39f9bc28\" data-element_type=\"section\" data-settings=\"{&quot;stretch_section&quot;:&quot;section-stretched&quot;,&quot;background_background&quot;:&quot;slideshow&quot;,&quot;background_slideshow_gallery&quot;:[{&quot;id&quot;:62978,&quot;url&quot;:&quot;https:\\\/\\\/www.horizonhomes-samui.com\\\/wp-content\\\/uploads\\\/2023\\\/08\\\/hh-development-0.jpg&quot;},{&quot;id&quot;:62982,&quot;url&quot;:&quot;https:\\\/\\\/www.horizonhomes-samui.com\\\/wp-content\\\/uploads\\\/2023\\\/08\\\/hh-development-1.jpg&quot;}],&quot;background_slideshow_ken_burns&quot;:&quot;yes&quot;,&quot;background_slideshow_loop&quot;:&quot;yes&quot;,&quot;background_slideshow_slide_duration&quot;:5000,&quot;background_slideshow_slide_transition&quot;:&quot;fade&quot;,&quot;background_slideshow_transition_duration&quot;:500,&quot;background_slideshow_ken_burns_zoom_direction&quot;:&quot;in&quot;}\">\n\t\t\t\t\t\t\t<div class=\"elementor-background-overlay\"><\/div>\n\t\t\t\t\t\t\t<div class=\"elementor-container elementor-column-gap-default\">\n\t\t\t\t\t<div class=\"elementor-column elementor-col-100 elementor-top-column elementor-element elementor-element-44ec9ddc\" data-id=\"44ec9ddc\" data-element_type=\"column\">\n\t\t\t<div class=\"elementor-widget-wrap elementor-element-populated\">\n\t\t\t\t\t\t<div class=\"elementor-element elementor-element-3587ff4c animated-slow elementor-invisible elementor-widget elementor-widget-houzez_elementor_section_title\" data-id=\"3587ff4c\" data-element_type=\"widget\" data-settings=\"{&quot;_animation&quot;:&quot;fadeIn&quot;}\" data-widget_type=\"houzez_elementor_section_title.default\">\n\t\t\t\t<div class=\"elementor-widget-container\">\n\t\t\t            <div class=\"houzez_section_title_wrap section-title-module\">\n                                    <h2 class=\"houzez_section_title\">Horizon Homes Developments<\/h2>\n                \n                            <\/div>\n            \t\t<\/div>\n\t\t\t\t<\/div>\n\t\t\t\t\t<\/div>\n\t\t<\/div>\n\t\t\t\t\t<\/div>\n\t\t<\/section>\n\t\t\t\t<section class=\"elementor-section elementor-top-section elementor-element elementor-element-0f073c9 elementor-reverse-mobile elementor-section-boxed elementor-section-height-default elementor-section-height-default\" data-id=\"0f073c9\" data-element_type=\"section\" data-settings=\"{&quot;background_background&quot;:&quot;classic&quot;}\">\n\t\t\t\t\t\t<div class=\"elementor-container elementor-column-gap-default\">\n\t\t\t\t\t<div class=\"elementor-column elementor-col-50 elementor-top-column elementor-element elementor-element-b418f60\" data-id=\"b418f60\" data-element_type=\"column\">\n\t\t\t<div class=\"elementor-widget-wrap elementor-element-populated\">\n\t\t\t\t\t\t<div class=\"elementor-element elementor-element-055512c elementor-widget__width-initial elementor-widget elementor-widget-heading\" data-id=\"055512c\" data-element_type=\"widget\" data-widget_type=\"heading.default\">\n\t\t\t\t<div class=\"elementor-widget-container\">\n\t\t\t<style>\/*! elementor - v3.19.0 - 29-01-2024 *\/\n.elementor-heading-title{padding:0;margin:0;line-height:1}.elementor-widget-heading .elementor-heading-title[class*=elementor-size-]>a{color:inherit;font-size:inherit;line-height:inherit}.elementor-widget-heading .elementor-heading-title.elementor-size-small{font-size:15px}.elementor-widget-heading .elementor-heading-title.elementor-size-medium{font-size:19px}.elementor-widget-heading .elementor-heading-title.elementor-size-large{font-size:29px}.elementor-widget-heading .elementor-heading-title.elementor-size-xl{font-size:39px}.elementor-widget-heading .elementor-heading-title.elementor-size-xxl{font-size:59px}<\/style><h2 class=\"elementor-heading-title elementor-size-default\">Horizon Residence est le premier projet de condominiums de Koh Samui.<\/h2>\t\t<\/div>\n\t\t\t\t<\/div>\n\t\t\t\t<div class=\"elementor-element elementor-element-a6707b5 elementor-widget elementor-widget-text-editor\" data-id=\"a6707b5\" data-element_type=\"widget\" data-widget_type=\"text-editor.default\">\n\t\t\t\t<div class=\"elementor-widget-container\">\n\t\t\t<style>\/*! elementor - v3.19.0 - 29-01-2024 *\/\n.elementor-widget-text-editor.elementor-drop-cap-view-stacked .elementor-drop-cap{background-color:#69727d;color:#fff}.elementor-widget-text-editor.elementor-drop-cap-view-framed .elementor-drop-cap{color:#69727d;border:3px solid;background-color:transparent}.elementor-widget-text-editor:not(.elementor-drop-cap-view-default) .elementor-drop-cap{margin-top:8px}.elementor-widget-text-editor:not(.elementor-drop-cap-view-default) .elementor-drop-cap-letter{width:1em;height:1em}.elementor-widget-text-editor .elementor-drop-cap{float:left;text-align:center;line-height:1;font-size:50px}.elementor-widget-text-editor .elementor-drop-cap-letter{display:inline-block}<\/style>\t\t\t\t<p>Il est situ\u00e9 \u00e0 seulement 4 minutes de marche de la plus belle plage de Koh Samui, &#8220;Choeng Mon&#8221;. L&#8217;emplacement de l&#8217;Horizon Residence ne pourrait \u00eatre mieux situ\u00e9. L&#8217;a\u00e9roport n&#8217;est qu&#8217;\u00e0 quelques minutes, tout comme les principaux restaurants, bars, zones commer\u00e7antes et la vie nocturne de Chaweng.<\/p>\n<p>Horizon Residence offre \u00e0 ses propri\u00e9taires une opportunit\u00e9 d&#8217;investissement et de style de vie enti\u00e8rement g\u00e9r\u00e9e. Les superbes appartements et maisons de ville offriront une qualit\u00e9 de construction in\u00e9gal\u00e9e, avec un design contemporain. Offrant un cadre de vie moderne dans un environnement idyllique, les magnifiques jardins et les piscines accueillantes permettront aux propri\u00e9taires et \u00e0 leurs invit\u00e9s de profiter d&#8217;un environnement paisible.<\/p>\n\t\t\t\t\t\t<\/div>\n\t\t\t\t<\/div>\n\t\t\t\t<div class=\"elementor-element elementor-element-7bf5362 elementor-align-left elementor-mobile-align-left elementor-widget elementor-widget-button\" data-id=\"7bf5362\" data-element_type=\"widget\" data-widget_type=\"button.default\">\n\t\t\t\t<div class=\"elementor-widget-container\">\n\t\t\t\t\t<div class=\"elementor-button-wrapper\">\n\t\t\t<a class=\"elementor-button elementor-button-link elementor-size-sm elementor-animation-shrink\" href=\"http:\/\/horizon-residence.com\">\n\t\t\t\t\t\t<span class=\"elementor-button-content-wrapper\">\n\t\t\t\t\t\t<span class=\"elementor-button-text\">En savoir plus<\/span>\n\t\t<\/span>\n\t\t\t\t\t<\/a>\n\t\t<\/div>\n\t\t\t\t<\/div>\n\t\t\t\t<\/div>\n\t\t\t\t\t<\/div>\n\t\t<\/div>\n\t\t\t\t<div class=\"elementor-column elementor-col-50 elementor-top-column elementor-element elementor-element-041f767\" data-id=\"041f767\" data-element_type=\"column\">\n\t\t\t<div class=\"elementor-widget-wrap elementor-element-populated\">\n\t\t\t\t\t\t<div class=\"elementor-element elementor-element-8b2e833 elementor-widget elementor-widget-image\" data-id=\"8b2e833\" data-element_type=\"widget\" data-widget_type=\"image.default\">\n\t\t\t\t<div class=\"elementor-widget-container\">\n\t\t\t<style>\/*! elementor - v3.19.0 - 29-01-2024 *\/\n.elementor-widget-image{text-align:center}.elementor-widget-image a{display:inline-block}.elementor-widget-image a img[src$=\".svg\"]{width:48px}.elementor-widget-image img{vertical-align:middle;display:inline-block}<\/style>\t\t\t\t\t\t\t\t\t\t<img fetchpriority=\"high\" decoding=\"async\" width=\"532\" height=\"250\" src=\"https:\/\/www.horizonhomes-samui.com\/wp-content\/uploads\/2023\/07\/banner-horizon-residence-532.jpg\" class=\"attachment-large size-large wp-image-7115\" alt=\"\" srcset=\"https:\/\/www.horizonhomes-samui.com\/wp-content\/uploads\/2023\/07\/banner-horizon-residence-532.jpg 532w, https:\/\/www.horizonhomes-samui.com\/wp-content\/uploads\/2023\/07\/banner-horizon-residence-532-300x141.jpg 300w, https:\/\/www.horizonhomes-samui.com\/wp-content\/uploads\/2023\/07\/banner-horizon-residence-532-496x233.jpg 496w\" sizes=\"(max-width: 532px) 100vw, 532px\" \/>\t\t\t\t\t\t\t\t\t\t\t\t\t<\/div>\n\t\t\t\t<\/div>\n\t\t\t\t\t<\/div>\n\t\t<\/div>\n\t\t\t\t\t<\/div>\n\t\t<\/section>\n\t\t\t\t<section class=\"elementor-section elementor-top-section elementor-element elementor-element-4f17602 elementor-section-boxed elementor-section-height-default elementor-section-height-default\" data-id=\"4f17602\" data-element_type=\"section\">\n\t\t\t\t\t\t<div class=\"elementor-container elementor-column-gap-default\">\n\t\t\t\t\t<div class=\"elementor-column elementor-col-50 elementor-top-column elementor-element elementor-element-b800048\" data-id=\"b800048\" data-element_type=\"column\">\n\t\t\t<div class=\"elementor-widget-wrap elementor-element-populated\">\n\t\t\t\t\t\t<div class=\"elementor-element elementor-element-0047757 elementor-widget elementor-widget-image\" data-id=\"0047757\" data-element_type=\"widget\" data-widget_type=\"image.default\">\n\t\t\t\t<div class=\"elementor-widget-container\">\n\t\t\t\t\t\t\t\t\t\t\t\t\t<img decoding=\"async\" width=\"532\" height=\"250\" src=\"https:\/\/www.horizonhomes-samui.com\/wp-content\/uploads\/2023\/07\/banner-hv.jpg\" class=\"attachment-large size-large wp-image-7116\" alt=\"\" srcset=\"https:\/\/www.horizonhomes-samui.com\/wp-content\/uploads\/2023\/07\/banner-hv.jpg 532w, https:\/\/www.horizonhomes-samui.com\/wp-content\/uploads\/2023\/07\/banner-hv-300x141.jpg 300w, https:\/\/www.horizonhomes-samui.com\/wp-content\/uploads\/2023\/07\/banner-hv-496x233.jpg 496w\" sizes=\"(max-width: 532px) 100vw, 532px\" loading=\"lazy\" \/>\t\t\t\t\t\t\t\t\t\t\t\t\t<\/div>\n\t\t\t\t<\/div>\n\t\t\t\t\t<\/div>\n\t\t<\/div>\n\t\t\t\t<div class=\"elementor-column elementor-col-50 elementor-top-column elementor-element elementor-element-6465e54\" data-id=\"6465e54\" data-element_type=\"column\">\n\t\t\t<div class=\"elementor-widget-wrap elementor-element-populated\">\n\t\t\t\t\t\t<div class=\"elementor-element elementor-element-442e1d0 elementor-widget__width-initial elementor-widget elementor-widget-heading\" data-id=\"442e1d0\" data-element_type=\"widget\" data-widget_type=\"heading.default\">\n\t\t\t\t<div class=\"elementor-widget-container\">\n\t\t\t<h2 class=\"elementor-heading-title elementor-size-default\">\nHorizon Villas est l'un des projets de villas de luxe les plus recherch\u00e9s. <a href=\"\/three-reasons-to-buy\/\">\n  <span style=\"color:#000000; text-decoration-line: underline;\">d\u00e9veloppement de villas de luxe<\/span>\n<\/a> \u00e0 Koh Samui.\n<\/h2>\t\t<\/div>\n\t\t\t\t<\/div>\n\t\t\t\t<div class=\"elementor-element elementor-element-12cfe50 elementor-widget elementor-widget-text-editor\" data-id=\"12cfe50\" data-element_type=\"widget\" data-widget_type=\"text-editor.default\">\n\t\t\t\t<div class=\"elementor-widget-container\">\n\t\t\t\t\t\t\t<p>Situ\u00e9 \u00e0 Choeng Mon, sur la magnifique c\u00f4te nord, le projet offre des vues panoramiques sur le golfe de Tha\u00eflande ainsi qu&#8217;un acc\u00e8s facile \u00e0 une multitude d&#8217;installations et d&#8217;attractions.<\/p>\n<p>En appliquant les normes de construction internationales, les promoteurs d&#8217;Horizon Villas Koh Samui ont cr\u00e9\u00e9 un ensemble r\u00e9sidentiel exceptionnel de 40 maisons priv\u00e9es dans l&#8217;un des endroits les plus attrayants de l&#8217;\u00eele.<\/p>\n<p>En raison de l&#8217;emplacement du projet qui surplombe l&#8217;oc\u00e9an, les villas sont \u00e9galement con\u00e7ues pour maximiser l&#8217;espace ext\u00e9rieur et tirer pleinement parti du climat agr\u00e9able de Koh Samui, offrant aux acheteurs et aux locataires un style de vie tropical attrayant.<\/p>\n\t\t\t\t\t\t<\/div>\n\t\t\t\t<\/div>\n\t\t\t\t<div class=\"elementor-element elementor-element-8d2eb25 elementor-align-left elementor-widget elementor-widget-button\" data-id=\"8d2eb25\" data-element_type=\"widget\" data-widget_type=\"button.default\">\n\t\t\t\t<div class=\"elementor-widget-container\">\n\t\t\t\t\t<div class=\"elementor-button-wrapper\">\n\t\t\t<a class=\"elementor-button elementor-button-link elementor-size-sm elementor-animation-shrink\" href=\"https:\/\/www.horizonhomes-samui.com\/horizon-homes-luxury-koh-samui-development\/\">\n\t\t\t\t\t\t<span class=\"elementor-button-content-wrapper\">\n\t\t\t\t\t\t<span class=\"elementor-button-text\">En savoir plus<\/span>\n\t\t<\/span>\n\t\t\t\t\t<\/a>\n\t\t<\/div>\n\t\t\t\t<\/div>\n\t\t\t\t<\/div>\n\t\t\t\t\t<\/div>\n\t\t<\/div>\n\t\t\t\t\t<\/div>\n\t\t<\/section>\n\t\t\t\t<section class=\"elementor-section elementor-top-section elementor-element elementor-element-e9e7bf3 elementor-section-boxed elementor-section-height-default elementor-section-height-default\" data-id=\"e9e7bf3\" data-element_type=\"section\" data-settings=\"{&quot;background_background&quot;:&quot;classic&quot;}\">\n\t\t\t\t\t\t<div class=\"elementor-container elementor-column-gap-default\">\n\t\t\t\t\t<div class=\"elementor-column elementor-col-50 elementor-top-column elementor-element elementor-element-3b2a19c\" data-id=\"3b2a19c\" data-element_type=\"column\">\n\t\t\t<div class=\"elementor-widget-wrap elementor-element-populated\">\n\t\t\t\t\t\t<div class=\"elementor-element elementor-element-824e305 elementor-widget elementor-widget-image\" data-id=\"824e305\" data-element_type=\"widget\" data-widget_type=\"image.default\">\n\t\t\t\t<div class=\"elementor-widget-container\">\n\t\t\t\t\t\t\t\t\t\t\t\t\t<img decoding=\"async\" width=\"400\" height=\"220\" src=\"https:\/\/www.horizonhomes-samui.com\/wp-content\/uploads\/2023\/07\/horizon-home.jpg\" class=\"attachment-full size-full wp-image-9131\" alt=\"\" srcset=\"https:\/\/www.horizonhomes-samui.com\/wp-content\/uploads\/2023\/07\/horizon-home.jpg 400w, https:\/\/www.horizonhomes-samui.com\/wp-content\/uploads\/2023\/07\/horizon-home-300x165.jpg 300w\" sizes=\"(max-width: 400px) 100vw, 400px\" loading=\"lazy\" \/>\t\t\t\t\t\t\t\t\t\t\t\t\t<\/div>\n\t\t\t\t<\/div>\n\t\t\t\t\t<\/div>\n\t\t<\/div>\n\t\t\t\t<div class=\"elementor-column elementor-col-50 elementor-top-column elementor-element elementor-element-0aa9dcd\" data-id=\"0aa9dcd\" data-element_type=\"column\">\n\t\t\t<div class=\"elementor-widget-wrap elementor-element-populated\">\n\t\t\t\t\t\t<div class=\"elementor-element elementor-element-58de8b6 elementor-widget elementor-widget-image\" data-id=\"58de8b6\" data-element_type=\"widget\" data-widget_type=\"image.default\">\n\t\t\t\t<div class=\"elementor-widget-container\">\n\t\t\t\t\t\t\t\t\t\t\t\t\t\t<a href=\"https:\/\/horizon-residence.com\/\">\n\t\t\t\t\t\t\t<img loading=\"lazy\" decoding=\"async\" width=\"180\" height=\"222\" src=\"https:\/\/www.horizonhomes-samui.com\/wp-content\/uploads\/2023\/07\/horizon-residence.jpg\" class=\"attachment-full size-full wp-image-9132\" alt=\"\" \/>\t\t\t\t\t\t\t\t<\/a>\n\t\t\t\t\t\t\t\t\t\t\t\t\t<\/div>\n\t\t\t\t<\/div>\n\t\t\t\t\t<\/div>\n\t\t<\/div>\n\t\t\t\t\t<\/div>\n\t\t<\/section>\n\t\t\t\t<section class=\"elementor-section elementor-top-section elementor-element elementor-element-ed5fb45 elementor-section-boxed elementor-section-height-default elementor-section-height-default\" data-id=\"ed5fb45\" data-element_type=\"section\">\n\t\t\t\t\t\t<div class=\"elementor-container elementor-column-gap-default\">\n\t\t\t\t\t<div class=\"elementor-column elementor-col-100 elementor-top-column elementor-element elementor-element-a0f26fc\" data-id=\"a0f26fc\" data-element_type=\"column\">\n\t\t\t<div class=\"elementor-widget-wrap elementor-element-populated\">\n\t\t\t\t\t\t<div class=\"elementor-element elementor-element-425f0fc elementor-widget__width-initial elementor-widget elementor-widget-heading\" data-id=\"425f0fc\" data-element_type=\"widget\" data-widget_type=\"heading.default\">\n\t\t\t\t<div class=\"elementor-widget-container\">\n\t\t\t<h2 class=\"elementor-heading-title elementor-size-default\">\n<span style=\"color:#8B2B44;\">SUIVEZ-NOUS<\/span><\/h2>\t\t<\/div>\n\t\t\t\t<\/div>\n\t\t\t\t<div class=\"elementor-element elementor-element-0fbb349 elementor-shape-circle elementor-grid-4 elementor-widget__width-inherit e-grid-align-center elementor-widget elementor-widget-social-icons\" data-id=\"0fbb349\" data-element_type=\"widget\" data-settings=\"{&quot;_animation&quot;:&quot;none&quot;}\" data-widget_type=\"social-icons.default\">\n\t\t\t\t<div class=\"elementor-widget-container\">\n\t\t\t<style>\/*! elementor - v3.19.0 - 29-01-2024 *\/\n.elementor-widget-social-icons.elementor-grid-0 .elementor-widget-container,.elementor-widget-social-icons.elementor-grid-mobile-0 .elementor-widget-container,.elementor-widget-social-icons.elementor-grid-tablet-0 .elementor-widget-container{line-height:1;font-size:0}.elementor-widget-social-icons:not(.elementor-grid-0):not(.elementor-grid-tablet-0):not(.elementor-grid-mobile-0) .elementor-grid{display:inline-grid}.elementor-widget-social-icons .elementor-grid{grid-column-gap:var(--grid-column-gap,5px);grid-row-gap:var(--grid-row-gap,5px);grid-template-columns:var(--grid-template-columns);justify-content:var(--justify-content,center);justify-items:var(--justify-content,center)}.elementor-icon.elementor-social-icon{font-size:var(--icon-size,25px);line-height:var(--icon-size,25px);width:calc(var(--icon-size, 25px) + 2 * var(--icon-padding, .5em));height:calc(var(--icon-size, 25px) + 2 * var(--icon-padding, .5em))}.elementor-social-icon{--e-social-icon-icon-color:#fff;display:inline-flex;background-color:#69727d;align-items:center;justify-content:center;text-align:center;cursor:pointer}.elementor-social-icon i{color:var(--e-social-icon-icon-color)}.elementor-social-icon svg{fill:var(--e-social-icon-icon-color)}.elementor-social-icon:last-child{margin:0}.elementor-social-icon:hover{opacity:.9;color:#fff}.elementor-social-icon-android{background-color:#a4c639}.elementor-social-icon-apple{background-color:#999}.elementor-social-icon-behance{background-color:#1769ff}.elementor-social-icon-bitbucket{background-color:#205081}.elementor-social-icon-codepen{background-color:#000}.elementor-social-icon-delicious{background-color:#39f}.elementor-social-icon-deviantart{background-color:#05cc47}.elementor-social-icon-digg{background-color:#005be2}.elementor-social-icon-dribbble{background-color:#ea4c89}.elementor-social-icon-elementor{background-color:#d30c5c}.elementor-social-icon-envelope{background-color:#ea4335}.elementor-social-icon-facebook,.elementor-social-icon-facebook-f{background-color:#3b5998}.elementor-social-icon-flickr{background-color:#0063dc}.elementor-social-icon-foursquare{background-color:#2d5be3}.elementor-social-icon-free-code-camp,.elementor-social-icon-freecodecamp{background-color:#006400}.elementor-social-icon-github{background-color:#333}.elementor-social-icon-gitlab{background-color:#e24329}.elementor-social-icon-globe{background-color:#69727d}.elementor-social-icon-google-plus,.elementor-social-icon-google-plus-g{background-color:#dd4b39}.elementor-social-icon-houzz{background-color:#7ac142}.elementor-social-icon-instagram{background-color:#262626}.elementor-social-icon-jsfiddle{background-color:#487aa2}.elementor-social-icon-link{background-color:#818a91}.elementor-social-icon-linkedin,.elementor-social-icon-linkedin-in{background-color:#0077b5}.elementor-social-icon-medium{background-color:#00ab6b}.elementor-social-icon-meetup{background-color:#ec1c40}.elementor-social-icon-mixcloud{background-color:#273a4b}.elementor-social-icon-odnoklassniki{background-color:#f4731c}.elementor-social-icon-pinterest{background-color:#bd081c}.elementor-social-icon-product-hunt{background-color:#da552f}.elementor-social-icon-reddit{background-color:#ff4500}.elementor-social-icon-rss{background-color:#f26522}.elementor-social-icon-shopping-cart{background-color:#4caf50}.elementor-social-icon-skype{background-color:#00aff0}.elementor-social-icon-slideshare{background-color:#0077b5}.elementor-social-icon-snapchat{background-color:#fffc00}.elementor-social-icon-soundcloud{background-color:#f80}.elementor-social-icon-spotify{background-color:#2ebd59}.elementor-social-icon-stack-overflow{background-color:#fe7a15}.elementor-social-icon-steam{background-color:#00adee}.elementor-social-icon-stumbleupon{background-color:#eb4924}.elementor-social-icon-telegram{background-color:#2ca5e0}.elementor-social-icon-thumb-tack{background-color:#1aa1d8}.elementor-social-icon-tripadvisor{background-color:#589442}.elementor-social-icon-tumblr{background-color:#35465c}.elementor-social-icon-twitch{background-color:#6441a5}.elementor-social-icon-twitter{background-color:#1da1f2}.elementor-social-icon-viber{background-color:#665cac}.elementor-social-icon-vimeo{background-color:#1ab7ea}.elementor-social-icon-vk{background-color:#45668e}.elementor-social-icon-weibo{background-color:#dd2430}.elementor-social-icon-weixin{background-color:#31a918}.elementor-social-icon-whatsapp{background-color:#25d366}.elementor-social-icon-wordpress{background-color:#21759b}.elementor-social-icon-xing{background-color:#026466}.elementor-social-icon-yelp{background-color:#af0606}.elementor-social-icon-youtube{background-color:#cd201f}.elementor-social-icon-500px{background-color:#0099e5}.elementor-shape-rounded .elementor-icon.elementor-social-icon{border-radius:10%}.elementor-shape-circle .elementor-icon.elementor-social-icon{border-radius:50%}<\/style>\t\t<div class=\"elementor-social-icons-wrapper elementor-grid\">\n\t\t\t\t\t\t\t<span class=\"elementor-grid-item\">\n\t\t\t\t\t<a class=\"elementor-icon elementor-social-icon elementor-social-icon-facebook elementor-animation-shrink elementor-repeater-item-965c5cb\" href=\"https:\/\/www.facebook.com\/horizonhomeskohsamui\" target=\"_blank\">\n\t\t\t\t\t\t<span class=\"elementor-screen-only\">Facebook<\/span>\n\t\t\t\t\t\t<i class=\"fab fa-facebook\"><\/i>\t\t\t\t\t<\/a>\n\t\t\t\t<\/span>\n\t\t\t\t\t\t\t<span class=\"elementor-grid-item\">\n\t\t\t\t\t<a class=\"elementor-icon elementor-social-icon elementor-social-icon-twitter elementor-animation-shrink elementor-repeater-item-8a3badb\" href=\"https:\/\/twitter.com\/hhsamui\" target=\"_blank\">\n\t\t\t\t\t\t<span class=\"elementor-screen-only\">Twitter<\/span>\n\t\t\t\t\t\t<i class=\"fab fa-twitter\"><\/i>\t\t\t\t\t<\/a>\n\t\t\t\t<\/span>\n\t\t\t\t\t\t\t<span class=\"elementor-grid-item\">\n\t\t\t\t\t<a class=\"elementor-icon elementor-social-icon elementor-social-icon-weibo elementor-animation-shrink elementor-repeater-item-91525fc\" href=\"https:\/\/weibo.com\/login.php\" target=\"_blank\">\n\t\t\t\t\t\t<span class=\"elementor-screen-only\">Weibo<\/span>\n\t\t\t\t\t\t<i class=\"fab fa-weibo\"><\/i>\t\t\t\t\t<\/a>\n\t\t\t\t<\/span>\n\t\t\t\t\t\t\t<span class=\"elementor-grid-item\">\n\t\t\t\t\t<a class=\"elementor-icon elementor-social-icon elementor-social-icon-weixin elementor-animation-shrink elementor-repeater-item-a639bf5\" href=\"https:\/\/www.horizonhomes-samui.com\/wp-content\/uploads\/2023\/08\/hh-qrcode-wechat-100.png\" target=\"_blank\">\n\t\t\t\t\t\t<span class=\"elementor-screen-only\">Weixin<\/span>\n\t\t\t\t\t\t<i class=\"fab fa-weixin\"><\/i>\t\t\t\t\t<\/a>\n\t\t\t\t<\/span>\n\t\t\t\t\t<\/div>\n\t\t\t\t<\/div>\n\t\t\t\t<\/div>\n\t\t\t\t\t<\/div>\n\t\t<\/div>\n\t\t\t\t\t<\/div>\n\t\t<\/section>\n\t\t\t\t<\/div>\n\t\t","protected":false},"excerpt":{"rendered":"<p>Horizon Homes Developments Horizon Residence est le premier projet de condominiums de Koh Samui. Il est situ\u00e9 \u00e0 seulement 4 minutes de marche de la plus belle plage de Koh Samui, &#8220;Choeng Mon&#8221;. L&#8217;emplacement de l&#8217;Horizon Residence ne pourrait \u00eatre mieux situ\u00e9. L&#8217;a\u00e9roport n&#8217;est qu&#8217;\u00e0 quelques minutes, tout comme les principaux restaurants, bars, zones commer\u00e7antes [&hellip;]<\/p>\n","protected":false},"author":4,"featured_media":0,"parent":0,"menu_order":0,"comment_status":"closed","ping_status":"closed","template":"elementor_header_footer","meta":{"footnotes":""},"class_list":["post-98609","page","type-page","status-publish","hentry"],"_links":{"self":[{"href":"https:\/\/www.horizonhomes-samui.com\/fr\/wp-json\/wp\/v2\/pages\/98609","targetHints":{"allow":["GET"]}}],"collection":[{"href":"https:\/\/www.horizonhomes-samui.com\/fr\/wp-json\/wp\/v2\/pages"}],"about":[{"href":"https:\/\/www.horizonhomes-samui.com\/fr\/wp-json\/wp\/v2\/types\/page"}],"author":[{"embeddable":true,"href":"https:\/\/www.horizonhomes-samui.com\/fr\/wp-json\/wp\/v2\/users\/4"}],"replies":[{"embeddable":true,"href":"https:\/\/www.horizonhomes-samui.com\/fr\/wp-json\/wp\/v2\/comments?post=98609"}],"version-history":[{"count":0,"href":"https:\/\/www.horizonhomes-samui.com\/fr\/wp-json\/wp\/v2\/pages\/98609\/revisions"}],"wp:attachment":[{"href":"https:\/\/www.horizonhomes-samui.com\/fr\/wp-json\/wp\/v2\/media?parent=98609"}],"curies":[{"name":"wp","href":"https:\/\/api.w.org\/{rel}","templated":true}]}}